{"id":12322,"date":"2025-08-11T11:17:27","date_gmt":"2025-08-11T09:17:27","guid":{"rendered":"https:\/\/www.fewotessin.ch\/vacances-avec-piscine-detente-pure\/"},"modified":"2026-01-06T09:26:43","modified_gmt":"2026-01-06T08:26:43","slug":"vacances-avec-piscine-detente-pure","status":"publish","type":"page","link":"https:\/\/www.fewotessin.ch\/fr\/recherche\/vacances-avec-piscine-detente-pure\/","title":{"rendered":"Vacances avec piscine \u2013 d\u00e9tente pure"},"content":{"rendered":"","protected":false},"excerpt":{"rendered":"","protected":false},"author":1,"featured_media":0,"parent":12334,"menu_order":0,"comment_status":"closed","ping_status":"closed","template":"","meta":{"_acf_changed":false,"footnotes":""},"seitenart":[43],"class_list":["post-12322","page","type-page","status-publish","hentry","seitenart-landing-page-fr"],"acf":[],"yoast_head":"<!-- This site is optimized with the Yoast SEO plugin v26.2 - https:\/\/yoast.com\/wordpress\/plugins\/seo\/ -->\n<title>Vacances avec piscine \u2013 d\u00e9tente pure - Fewotessin<\/title>\n<meta name=\"description\" content=\"Locations de vacances exclusives avec piscine \u2013 id\u00e9ales pour les journ\u00e9es ensoleill\u00e9es. Plongez ici dans la vraie joie des vacances.\" \/>\n<meta name=\"robots\" content=\"index, follow, max-snippet:-1, max-image-preview:large, max-video-preview:-1\" \/>\n<link rel=\"canonical\" href=\"https:\/\/www.fewotessin.ch\/fr\/recherche\/vacances-avec-piscine-detente-pure\/\" \/>\n<meta property=\"og:locale\" content=\"fr_FR\" \/>\n<meta property=\"og:type\" content=\"article\" \/>\n<meta property=\"og:title\" content=\"Vacances avec piscine \u2013 d\u00e9tente pure - Fewotessin\" \/>\n<meta property=\"og:description\" content=\"Locations de vacances exclusives avec piscine \u2013 id\u00e9ales pour les journ\u00e9es ensoleill\u00e9es. Plongez ici dans la vraie joie des vacances.\" \/>\n<meta property=\"og:url\" content=\"https:\/\/www.fewotessin.ch\/fr\/recherche\/vacances-avec-piscine-detente-pure\/\" \/>\n<meta property=\"og:site_name\" content=\"Fewotessin\" \/>\n<meta property=\"article:modified_time\" content=\"2026-01-06T08:26:43+00:00\" \/>\n<meta name=\"twitter:card\" content=\"summary_large_image\" \/>\n<script type=\"application\/ld+json\" class=\"yoast-schema-graph\">{\"@context\":\"https:\/\/schema.org\",\"@graph\":[{\"@type\":\"WebPage\",\"@id\":\"https:\/\/www.fewotessin.ch\/fr\/recherche\/vacances-avec-piscine-detente-pure\/\",\"url\":\"https:\/\/www.fewotessin.ch\/fr\/recherche\/vacances-avec-piscine-detente-pure\/\",\"name\":\"Vacances avec piscine \u2013 d\u00e9tente pure - Fewotessin\",\"isPartOf\":{\"@id\":\"https:\/\/www.fewotessin.ch\/fr\/#website\"},\"datePublished\":\"2025-08-11T09:17:27+00:00\",\"dateModified\":\"2026-01-06T08:26:43+00:00\",\"description\":\"Locations de vacances exclusives avec piscine \u2013 id\u00e9ales pour les journ\u00e9es ensoleill\u00e9es. Plongez ici dans la vraie joie des vacances.\",\"breadcrumb\":{\"@id\":\"https:\/\/www.fewotessin.ch\/fr\/recherche\/vacances-avec-piscine-detente-pure\/#breadcrumb\"},\"inLanguage\":\"fr-FR\",\"potentialAction\":[{\"@type\":\"ReadAction\",\"target\":[\"https:\/\/www.fewotessin.ch\/fr\/recherche\/vacances-avec-piscine-detente-pure\/\"]}]},{\"@type\":\"BreadcrumbList\",\"@id\":\"https:\/\/www.fewotessin.ch\/fr\/recherche\/vacances-avec-piscine-detente-pure\/#breadcrumb\",\"itemListElement\":[{\"@type\":\"ListItem\",\"position\":1,\"name\":\"Startseite\",\"item\":\"https:\/\/www.fewotessin.ch\/fr\/\"},{\"@type\":\"ListItem\",\"position\":2,\"name\":\"Recherche\",\"item\":\"https:\/\/www.fewotessin.ch\/fr\/suche\/\"},{\"@type\":\"ListItem\",\"position\":3,\"name\":\"Vacances avec piscine \u2013 d\u00e9tente pure\"}]},{\"@type\":\"WebSite\",\"@id\":\"https:\/\/www.fewotessin.ch\/fr\/#website\",\"url\":\"https:\/\/www.fewotessin.ch\/fr\/\",\"name\":\"Fewotessin\",\"description\":\"\",\"publisher\":{\"@id\":\"https:\/\/www.fewotessin.ch\/fr\/#organization\"},\"potentialAction\":[{\"@type\":\"SearchAction\",\"target\":{\"@type\":\"EntryPoint\",\"urlTemplate\":\"https:\/\/www.fewotessin.ch\/fr\/?s={search_term_string}\"},\"query-input\":{\"@type\":\"PropertyValueSpecification\",\"valueRequired\":true,\"valueName\":\"search_term_string\"}}],\"inLanguage\":\"fr-FR\"},{\"@type\":\"Organization\",\"@id\":\"https:\/\/www.fewotessin.ch\/fr\/#organization\",\"name\":\"Fewotessin\",\"url\":\"https:\/\/www.fewotessin.ch\/fr\/\",\"logo\":{\"@type\":\"ImageObject\",\"inLanguage\":\"fr-FR\",\"@id\":\"https:\/\/www.fewotessin.ch\/fr\/#\/schema\/logo\/image\/\",\"url\":\"https:\/\/www.fewotessin.ch\/wp-content\/uploads\/2025\/08\/fewotessin_Logo.png\",\"contentUrl\":\"https:\/\/www.fewotessin.ch\/wp-content\/uploads\/2025\/08\/fewotessin_Logo.png\",\"width\":791,\"height\":133,\"caption\":\"Fewotessin\"},\"image\":{\"@id\":\"https:\/\/www.fewotessin.ch\/fr\/#\/schema\/logo\/image\/\"}}]}<\/script>\n<!-- \/ Yoast SEO plugin. -->","yoast_head_json":{"title":"Vacances avec piscine \u2013 d\u00e9tente pure - Fewotessin","description":"Locations de vacances exclusives avec piscine \u2013 id\u00e9ales pour les journ\u00e9es ensoleill\u00e9es. Plongez ici dans la vraie joie des vacances.","robots":{"index":"index","follow":"follow","max-snippet":"max-snippet:-1","max-image-preview":"max-image-preview:large","max-video-preview":"max-video-preview:-1"},"canonical":"https:\/\/www.fewotessin.ch\/fr\/recherche\/vacances-avec-piscine-detente-pure\/","og_locale":"fr_FR","og_type":"article","og_title":"Vacances avec piscine \u2013 d\u00e9tente pure - Fewotessin","og_description":"Locations de vacances exclusives avec piscine \u2013 id\u00e9ales pour les journ\u00e9es ensoleill\u00e9es. Plongez ici dans la vraie joie des vacances.","og_url":"https:\/\/www.fewotessin.ch\/fr\/recherche\/vacances-avec-piscine-detente-pure\/","og_site_name":"Fewotessin","article_modified_time":"2026-01-06T08:26:43+00:00","twitter_card":"summary_large_image","schema":{"@context":"https:\/\/schema.org","@graph":[{"@type":"WebPage","@id":"https:\/\/www.fewotessin.ch\/fr\/recherche\/vacances-avec-piscine-detente-pure\/","url":"https:\/\/www.fewotessin.ch\/fr\/recherche\/vacances-avec-piscine-detente-pure\/","name":"Vacances avec piscine \u2013 d\u00e9tente pure - Fewotessin","isPartOf":{"@id":"https:\/\/www.fewotessin.ch\/fr\/#website"},"datePublished":"2025-08-11T09:17:27+00:00","dateModified":"2026-01-06T08:26:43+00:00","description":"Locations de vacances exclusives avec piscine \u2013 id\u00e9ales pour les journ\u00e9es ensoleill\u00e9es. Plongez ici dans la vraie joie des vacances.","breadcrumb":{"@id":"https:\/\/www.fewotessin.ch\/fr\/recherche\/vacances-avec-piscine-detente-pure\/#breadcrumb"},"inLanguage":"fr-FR","potentialAction":[{"@type":"ReadAction","target":["https:\/\/www.fewotessin.ch\/fr\/recherche\/vacances-avec-piscine-detente-pure\/"]}]},{"@type":"BreadcrumbList","@id":"https:\/\/www.fewotessin.ch\/fr\/recherche\/vacances-avec-piscine-detente-pure\/#breadcrumb","itemListElement":[{"@type":"ListItem","position":1,"name":"Startseite","item":"https:\/\/www.fewotessin.ch\/fr\/"},{"@type":"ListItem","position":2,"name":"Recherche","item":"https:\/\/www.fewotessin.ch\/fr\/suche\/"},{"@type":"ListItem","position":3,"name":"Vacances avec piscine \u2013 d\u00e9tente pure"}]},{"@type":"WebSite","@id":"https:\/\/www.fewotessin.ch\/fr\/#website","url":"https:\/\/www.fewotessin.ch\/fr\/","name":"Fewotessin","description":"","publisher":{"@id":"https:\/\/www.fewotessin.ch\/fr\/#organization"},"potentialAction":[{"@type":"SearchAction","target":{"@type":"EntryPoint","urlTemplate":"https:\/\/www.fewotessin.ch\/fr\/?s={search_term_string}"},"query-input":{"@type":"PropertyValueSpecification","valueRequired":true,"valueName":"search_term_string"}}],"inLanguage":"fr-FR"},{"@type":"Organization","@id":"https:\/\/www.fewotessin.ch\/fr\/#organization","name":"Fewotessin","url":"https:\/\/www.fewotessin.ch\/fr\/","logo":{"@type":"ImageObject","inLanguage":"fr-FR","@id":"https:\/\/www.fewotessin.ch\/fr\/#\/schema\/logo\/image\/","url":"https:\/\/www.fewotessin.ch\/wp-content\/uploads\/2025\/08\/fewotessin_Logo.png","contentUrl":"https:\/\/www.fewotessin.ch\/wp-content\/uploads\/2025\/08\/fewotessin_Logo.png","width":791,"height":133,"caption":"Fewotessin"},"image":{"@id":"https:\/\/www.fewotessin.ch\/fr\/#\/schema\/logo\/image\/"}}]}},"_links":{"self":[{"href":"https:\/\/www.fewotessin.ch\/fr\/wp-json\/wp\/v2\/pages\/12322","targetHints":{"allow":["GET"]}}],"collection":[{"href":"https:\/\/www.fewotessin.ch\/fr\/wp-json\/wp\/v2\/pages"}],"about":[{"href":"https:\/\/www.fewotessin.ch\/fr\/wp-json\/wp\/v2\/types\/page"}],"author":[{"embeddable":true,"href":"https:\/\/www.fewotessin.ch\/fr\/wp-json\/wp\/v2\/users\/1"}],"replies":[{"embeddable":true,"href":"https:\/\/www.fewotessin.ch\/fr\/wp-json\/wp\/v2\/comments?post=12322"}],"version-history":[{"count":1,"href":"https:\/\/www.fewotessin.ch\/fr\/wp-json\/wp\/v2\/pages\/12322\/revisions"}],"predecessor-version":[{"id":12336,"href":"https:\/\/www.fewotessin.ch\/fr\/wp-json\/wp\/v2\/pages\/12322\/revisions\/12336"}],"up":[{"embeddable":true,"href":"https:\/\/www.fewotessin.ch\/fr\/wp-json\/wp\/v2\/pages\/12334"}],"wp:attachment":[{"href":"https:\/\/www.fewotessin.ch\/fr\/wp-json\/wp\/v2\/media?parent=12322"}],"wp:term":[{"taxonomy":"seitenart","embeddable":true,"href":"https:\/\/www.fewotessin.ch\/fr\/wp-json\/wp\/v2\/seitenart?post=12322"}],"curies":[{"name":"wp","href":"https:\/\/api.w.org\/{rel}","templated":true}]}}