{"id":12303,"date":"2025-08-11T13:26:43","date_gmt":"2025-08-11T11:26:43","guid":{"rendered":"https:\/\/www.fewotessin.ch\/mentions-legales\/"},"modified":"2025-10-27T17:17:04","modified_gmt":"2025-10-27T16:17:04","slug":"mentions-legales","status":"publish","type":"page","link":"https:\/\/www.fewotessin.ch\/fr\/mentions-legales\/","title":{"rendered":"Mentions l\u00e9gales"},"content":{"rendered":"\t\t<div data-elementor-type=\"wp-page\" data-elementor-id=\"12303\" class=\"elementor elementor-12303 elementor-9854\" data-elementor-post-type=\"page\">\n\t\t\t\t<div class=\"elementor-element elementor-element-f888e53 e-flex e-con-boxed e-con e-parent\" data-id=\"f888e53\" data-element_type=\"container\">\n\t\t\t\t\t<div class=\"e-con-inner\">\n\t\t\t\t<div class=\"elementor-element elementor-element-ec48b37 elementor-widget elementor-widget-heading\" data-id=\"ec48b37\" data-element_type=\"widget\" data-widget_type=\"heading.default\">\n\t\t\t\t<div class=\"elementor-widget-container\">\n\t\t\t\t\t<h1 class=\"elementor-heading-title elementor-size-default\">Mentions l\u00e9gales<\/h1>\t\t\t\t<\/div>\n\t\t\t\t<\/div>\n\t\t\t\t<div class=\"elementor-element elementor-element-5f8e809 elementor-widget elementor-widget-text-editor\" data-id=\"5f8e809\" data-element_type=\"widget\" data-widget_type=\"text-editor.default\">\n\t\t\t\t<div class=\"elementor-widget-container\">\n\t\t\t\t\t\t\t\t\t<p class=\"p1\"><strong>fewotessin sagl<\/strong><\/p>\n<p class=\"p1\">Via San Gottardo 41<\/p>\n<p class=\"p1\">6600 Muralto<\/p>\n<p class=\"p3\">Tel: +41 (0) 91 743 74 83<\/p>\n<p class=\"p4\"><a href=\"mailto:info@fewotessin.ch\">info@fewotessin.ch<\/a><strong><br><\/strong><a href=\"http:\/\/www.fewotessin.ch\">www.fewotessin.ch<\/a><br><br><\/p>\n<p class=\"p5\"><strong>IDE: <\/strong>CHE-113.342.781 MWST<\/p>\n<p class=\"p5\"><strong>Directrice: <\/strong>Barbara Cavegn<br><br><\/p>\n<p class=\"p5\"><strong>Droit d\u2019auteur <\/strong><br>Les contenus et \u0153uvres cr\u00e9\u00e9s par les exploitants de ce site sont prot\u00e9g\u00e9s par le droit d\u2019auteur. Toute reproduction, modification, distribution ou exploitation de quelque nature que ce soit en dehors des limites du droit d\u2019auteur n\u00e9cessite l\u2019accord \u00e9crit pr\u00e9alable de l\u2019auteur ou du cr\u00e9ateur concern\u00e9. Les t\u00e9l\u00e9chargements et copies de ce site ne sont autoris\u00e9s que pour un usage priv\u00e9 et non commercial.  <br><br><\/p>\n<p class=\"p5\"><strong>Responsabilit\u00e9 concernant le contenu <\/strong><br>Le contenu de nos pages a \u00e9t\u00e9 r\u00e9dig\u00e9 avec le plus grand soin. Cependant, nous ne pouvons assumer aucune responsabilit\u00e9 quant \u00e0 l\u2019exactitude, la pr\u00e9cision ou l\u2019exhaustivit\u00e9 des informations fournies. <br><br><\/p>\n<p><strong>Conception, mise en page et programmation<\/strong><br>be-on! Swiss GmbH<br>Webereistrasse 71<br>8134 Adliswil <br><a href=\"https:\/\/www.be-on.de\/\" target=\"_blank\" rel=\"noopener\">be-on.de<\/a><br><br><\/p>\n<p><strong>Logiciel de r\u00e9servation \/ PMS<\/strong><br>vOffice GmbH<br>Untere Querstra\u00dfe 3<br>23730 Neustadt\/Holstein<br><a href=\"https:\/\/www.v-office.com\/\" target=\"_blank\" rel=\"noopener\">www.v-office.com<\/a><\/p>\t\t\t\t\t\t\t\t<\/div>\n\t\t\t\t<\/div>\n\t\t\t\t\t<\/div>\n\t\t\t\t<\/div>\n\t\t\t\t<\/div>\n\t\t","protected":false},"excerpt":{"rendered":"<p>Mentions l\u00e9gales fewotessin sagl Via San Gottardo 41 6600 Muralto Tel: +41 (0) 91 743 74 83 info@fewotessin.chwww.fewotessin.ch IDE: CHE-113.342.781 MWST Directrice: Barbara Cavegn Droit d\u2019auteur Les contenus et \u0153uvres cr\u00e9\u00e9s par les exploitants de ce site sont prot\u00e9g\u00e9s par le droit d\u2019auteur. Toute reproduction, modification, distribution ou exploitation de quelque nature que ce soit [&hellip;]<\/p>\n","protected":false},"author":1,"featured_media":12064,"parent":0,"menu_order":0,"comment_status":"closed","ping_status":"closed","template":"","meta":{"_acf_changed":false,"footnotes":""},"seitenart":[],"class_list":["post-12303","page","type-page","status-publish","has-post-thumbnail","hentry"],"acf":[],"yoast_head":"<!-- This site is optimized with the Yoast SEO plugin v26.2 - https:\/\/yoast.com\/wordpress\/plugins\/seo\/ -->\n<title>Mentions l\u00e9gales - Fewotessin<\/title>\n<meta name=\"description\" content=\"Mentions l\u00e9gales de fewotessin \u2013 informations sur le fournisseur, clause de non-responsabilit\u00e9 et d\u00e9tails juridiques pour plus de transparence et de confiance.\" \/>\n<meta name=\"robots\" content=\"index, follow, max-snippet:-1, max-image-preview:large, max-video-preview:-1\" \/>\n<link rel=\"canonical\" href=\"https:\/\/www.fewotessin.ch\/fr\/mentions-legales\/\" \/>\n<meta property=\"og:locale\" content=\"fr_FR\" \/>\n<meta property=\"og:type\" content=\"article\" \/>\n<meta property=\"og:title\" content=\"Mentions l\u00e9gales - Fewotessin\" \/>\n<meta property=\"og:description\" content=\"Mentions l\u00e9gales de fewotessin \u2013 informations sur le fournisseur, clause de non-responsabilit\u00e9 et d\u00e9tails juridiques pour plus de transparence et de confiance.\" \/>\n<meta property=\"og:url\" content=\"https:\/\/www.fewotessin.ch\/fr\/mentions-legales\/\" \/>\n<meta property=\"og:site_name\" content=\"Fewotessin\" \/>\n<meta property=\"article:modified_time\" content=\"2025-10-27T16:17:04+00:00\" \/>\n<meta property=\"og:image\" content=\"https:\/\/www.fewotessin.ch\/wp-content\/uploads\/2025\/10\/shutterstock_2428516505-1-scaled.jpg\" \/>\n\t<meta property=\"og:image:width\" content=\"2560\" \/>\n\t<meta property=\"og:image:height\" content=\"1234\" \/>\n\t<meta property=\"og:image:type\" content=\"image\/jpeg\" \/>\n<meta name=\"twitter:card\" content=\"summary_large_image\" \/>\n<meta name=\"twitter:label1\" content=\"Dur\u00e9e de lecture estim\u00e9e\" \/>\n\t<meta name=\"twitter:data1\" content=\"1 minute\" \/>\n<script type=\"application\/ld+json\" class=\"yoast-schema-graph\">{\"@context\":\"https:\/\/schema.org\",\"@graph\":[{\"@type\":\"WebPage\",\"@id\":\"https:\/\/www.fewotessin.ch\/fr\/mentions-legales\/\",\"url\":\"https:\/\/www.fewotessin.ch\/fr\/mentions-legales\/\",\"name\":\"Mentions l\u00e9gales - Fewotessin\",\"isPartOf\":{\"@id\":\"https:\/\/www.fewotessin.ch\/fr\/#website\"},\"primaryImageOfPage\":{\"@id\":\"https:\/\/www.fewotessin.ch\/fr\/mentions-legales\/#primaryimage\"},\"image\":{\"@id\":\"https:\/\/www.fewotessin.ch\/fr\/mentions-legales\/#primaryimage\"},\"thumbnailUrl\":\"https:\/\/www.fewotessin.ch\/wp-content\/uploads\/2025\/10\/shutterstock_2428516505-1-scaled.jpg\",\"datePublished\":\"2025-08-11T11:26:43+00:00\",\"dateModified\":\"2025-10-27T16:17:04+00:00\",\"description\":\"Mentions l\u00e9gales de fewotessin \u2013 informations sur le fournisseur, clause de non-responsabilit\u00e9 et d\u00e9tails juridiques pour plus de transparence et de confiance.\",\"breadcrumb\":{\"@id\":\"https:\/\/www.fewotessin.ch\/fr\/mentions-legales\/#breadcrumb\"},\"inLanguage\":\"fr-FR\",\"potentialAction\":[{\"@type\":\"ReadAction\",\"target\":[\"https:\/\/www.fewotessin.ch\/fr\/mentions-legales\/\"]}]},{\"@type\":\"ImageObject\",\"inLanguage\":\"fr-FR\",\"@id\":\"https:\/\/www.fewotessin.ch\/fr\/mentions-legales\/#primaryimage\",\"url\":\"https:\/\/www.fewotessin.ch\/wp-content\/uploads\/2025\/10\/shutterstock_2428516505-1-scaled.jpg\",\"contentUrl\":\"https:\/\/www.fewotessin.ch\/wp-content\/uploads\/2025\/10\/shutterstock_2428516505-1-scaled.jpg\",\"width\":2560,\"height\":1234},{\"@type\":\"BreadcrumbList\",\"@id\":\"https:\/\/www.fewotessin.ch\/fr\/mentions-legales\/#breadcrumb\",\"itemListElement\":[{\"@type\":\"ListItem\",\"position\":1,\"name\":\"Startseite\",\"item\":\"https:\/\/www.fewotessin.ch\/fr\/\"},{\"@type\":\"ListItem\",\"position\":2,\"name\":\"Mentions l\u00e9gales\"}]},{\"@type\":\"WebSite\",\"@id\":\"https:\/\/www.fewotessin.ch\/fr\/#website\",\"url\":\"https:\/\/www.fewotessin.ch\/fr\/\",\"name\":\"Fewotessin\",\"description\":\"\",\"publisher\":{\"@id\":\"https:\/\/www.fewotessin.ch\/fr\/#organization\"},\"potentialAction\":[{\"@type\":\"SearchAction\",\"target\":{\"@type\":\"EntryPoint\",\"urlTemplate\":\"https:\/\/www.fewotessin.ch\/fr\/?s={search_term_string}\"},\"query-input\":{\"@type\":\"PropertyValueSpecification\",\"valueRequired\":true,\"valueName\":\"search_term_string\"}}],\"inLanguage\":\"fr-FR\"},{\"@type\":\"Organization\",\"@id\":\"https:\/\/www.fewotessin.ch\/fr\/#organization\",\"name\":\"Fewotessin\",\"url\":\"https:\/\/www.fewotessin.ch\/fr\/\",\"logo\":{\"@type\":\"ImageObject\",\"inLanguage\":\"fr-FR\",\"@id\":\"https:\/\/www.fewotessin.ch\/fr\/#\/schema\/logo\/image\/\",\"url\":\"https:\/\/www.fewotessin.ch\/wp-content\/uploads\/2025\/08\/fewotessin_Logo.png\",\"contentUrl\":\"https:\/\/www.fewotessin.ch\/wp-content\/uploads\/2025\/08\/fewotessin_Logo.png\",\"width\":791,\"height\":133,\"caption\":\"Fewotessin\"},\"image\":{\"@id\":\"https:\/\/www.fewotessin.ch\/fr\/#\/schema\/logo\/image\/\"}}]}<\/script>\n<!-- \/ Yoast SEO plugin. -->","yoast_head_json":{"title":"Mentions l\u00e9gales - Fewotessin","description":"Mentions l\u00e9gales de fewotessin \u2013 informations sur le fournisseur, clause de non-responsabilit\u00e9 et d\u00e9tails juridiques pour plus de transparence et de confiance.","robots":{"index":"index","follow":"follow","max-snippet":"max-snippet:-1","max-image-preview":"max-image-preview:large","max-video-preview":"max-video-preview:-1"},"canonical":"https:\/\/www.fewotessin.ch\/fr\/mentions-legales\/","og_locale":"fr_FR","og_type":"article","og_title":"Mentions l\u00e9gales - Fewotessin","og_description":"Mentions l\u00e9gales de fewotessin \u2013 informations sur le fournisseur, clause de non-responsabilit\u00e9 et d\u00e9tails juridiques pour plus de transparence et de confiance.","og_url":"https:\/\/www.fewotessin.ch\/fr\/mentions-legales\/","og_site_name":"Fewotessin","article_modified_time":"2025-10-27T16:17:04+00:00","og_image":[{"width":2560,"height":1234,"url":"https:\/\/www.fewotessin.ch\/wp-content\/uploads\/2025\/10\/shutterstock_2428516505-1-scaled.jpg","type":"image\/jpeg"}],"twitter_card":"summary_large_image","twitter_misc":{"Dur\u00e9e de lecture estim\u00e9e":"1 minute"},"schema":{"@context":"https:\/\/schema.org","@graph":[{"@type":"WebPage","@id":"https:\/\/www.fewotessin.ch\/fr\/mentions-legales\/","url":"https:\/\/www.fewotessin.ch\/fr\/mentions-legales\/","name":"Mentions l\u00e9gales - Fewotessin","isPartOf":{"@id":"https:\/\/www.fewotessin.ch\/fr\/#website"},"primaryImageOfPage":{"@id":"https:\/\/www.fewotessin.ch\/fr\/mentions-legales\/#primaryimage"},"image":{"@id":"https:\/\/www.fewotessin.ch\/fr\/mentions-legales\/#primaryimage"},"thumbnailUrl":"https:\/\/www.fewotessin.ch\/wp-content\/uploads\/2025\/10\/shutterstock_2428516505-1-scaled.jpg","datePublished":"2025-08-11T11:26:43+00:00","dateModified":"2025-10-27T16:17:04+00:00","description":"Mentions l\u00e9gales de fewotessin \u2013 informations sur le fournisseur, clause de non-responsabilit\u00e9 et d\u00e9tails juridiques pour plus de transparence et de confiance.","breadcrumb":{"@id":"https:\/\/www.fewotessin.ch\/fr\/mentions-legales\/#breadcrumb"},"inLanguage":"fr-FR","potentialAction":[{"@type":"ReadAction","target":["https:\/\/www.fewotessin.ch\/fr\/mentions-legales\/"]}]},{"@type":"ImageObject","inLanguage":"fr-FR","@id":"https:\/\/www.fewotessin.ch\/fr\/mentions-legales\/#primaryimage","url":"https:\/\/www.fewotessin.ch\/wp-content\/uploads\/2025\/10\/shutterstock_2428516505-1-scaled.jpg","contentUrl":"https:\/\/www.fewotessin.ch\/wp-content\/uploads\/2025\/10\/shutterstock_2428516505-1-scaled.jpg","width":2560,"height":1234},{"@type":"BreadcrumbList","@id":"https:\/\/www.fewotessin.ch\/fr\/mentions-legales\/#breadcrumb","itemListElement":[{"@type":"ListItem","position":1,"name":"Startseite","item":"https:\/\/www.fewotessin.ch\/fr\/"},{"@type":"ListItem","position":2,"name":"Mentions l\u00e9gales"}]},{"@type":"WebSite","@id":"https:\/\/www.fewotessin.ch\/fr\/#website","url":"https:\/\/www.fewotessin.ch\/fr\/","name":"Fewotessin","description":"","publisher":{"@id":"https:\/\/www.fewotessin.ch\/fr\/#organization"},"potentialAction":[{"@type":"SearchAction","target":{"@type":"EntryPoint","urlTemplate":"https:\/\/www.fewotessin.ch\/fr\/?s={search_term_string}"},"query-input":{"@type":"PropertyValueSpecification","valueRequired":true,"valueName":"search_term_string"}}],"inLanguage":"fr-FR"},{"@type":"Organization","@id":"https:\/\/www.fewotessin.ch\/fr\/#organization","name":"Fewotessin","url":"https:\/\/www.fewotessin.ch\/fr\/","logo":{"@type":"ImageObject","inLanguage":"fr-FR","@id":"https:\/\/www.fewotessin.ch\/fr\/#\/schema\/logo\/image\/","url":"https:\/\/www.fewotessin.ch\/wp-content\/uploads\/2025\/08\/fewotessin_Logo.png","contentUrl":"https:\/\/www.fewotessin.ch\/wp-content\/uploads\/2025\/08\/fewotessin_Logo.png","width":791,"height":133,"caption":"Fewotessin"},"image":{"@id":"https:\/\/www.fewotessin.ch\/fr\/#\/schema\/logo\/image\/"}}]}},"_links":{"self":[{"href":"https:\/\/www.fewotessin.ch\/fr\/wp-json\/wp\/v2\/pages\/12303","targetHints":{"allow":["GET"]}}],"collection":[{"href":"https:\/\/www.fewotessin.ch\/fr\/wp-json\/wp\/v2\/pages"}],"about":[{"href":"https:\/\/www.fewotessin.ch\/fr\/wp-json\/wp\/v2\/types\/page"}],"author":[{"embeddable":true,"href":"https:\/\/www.fewotessin.ch\/fr\/wp-json\/wp\/v2\/users\/1"}],"replies":[{"embeddable":true,"href":"https:\/\/www.fewotessin.ch\/fr\/wp-json\/wp\/v2\/comments?post=12303"}],"version-history":[{"count":3,"href":"https:\/\/www.fewotessin.ch\/fr\/wp-json\/wp\/v2\/pages\/12303\/revisions"}],"predecessor-version":[{"id":12583,"href":"https:\/\/www.fewotessin.ch\/fr\/wp-json\/wp\/v2\/pages\/12303\/revisions\/12583"}],"wp:featuredmedia":[{"embeddable":true,"href":"https:\/\/www.fewotessin.ch\/fr\/wp-json\/wp\/v2\/media\/12064"}],"wp:attachment":[{"href":"https:\/\/www.fewotessin.ch\/fr\/wp-json\/wp\/v2\/media?parent=12303"}],"wp:term":[{"taxonomy":"seitenart","embeddable":true,"href":"https:\/\/www.fewotessin.ch\/fr\/wp-json\/wp\/v2\/seitenart?post=12303"}],"curies":[{"name":"wp","href":"https:\/\/api.w.org\/{rel}","templated":true}]}}