{"id":9738,"date":"2025-08-11T11:17:59","date_gmt":"2025-08-11T09:17:59","guid":{"rendered":"https:\/\/www.fewotessin.ch\/?page_id=9738"},"modified":"2026-01-09T09:37:16","modified_gmt":"2026-01-09T08:37:16","slug":"ferien-mit-seezugang","status":"publish","type":"page","link":"https:\/\/www.fewotessin.ch\/de\/suche\/ferien-mit-seezugang\/","title":{"rendered":"Ferien mit Seezugang"},"content":{"rendered":"\t\t<div data-elementor-type=\"wp-page\" data-elementor-id=\"9738\" class=\"elementor elementor-9738\" data-elementor-post-type=\"page\">\n\t\t\t\t<div class=\"elementor-element elementor-element-729e601 e-flex e-con-boxed e-con e-parent\" data-id=\"729e601\" data-element_type=\"container\">\n\t\t\t\t\t<div class=\"e-con-inner\">\n\t\t<div class=\"elementor-element elementor-element-3514b56 e-con-full e-flex e-con e-child\" data-id=\"3514b56\" data-element_type=\"container\">\n\t\t\t\t<div class=\"elementor-element elementor-element-10b02e7 elementor-widget elementor-widget-image\" data-id=\"10b02e7\" data-element_type=\"widget\" data-widget_type=\"image.default\">\n\t\t\t\t<div class=\"elementor-widget-container\">\n\t\t\t\t\t\t\t\t\t\t\t\t\t\t\t<img fetchpriority=\"high\" decoding=\"async\" width=\"1440\" height=\"960\" src=\"https:\/\/www.fewotessin.ch\/wp-content\/uploads\/2025\/08\/mf21124912.jpg\" class=\"attachment-large size-large wp-image-9389\" alt=\"Lago Maggiore\" srcset=\"https:\/\/www.fewotessin.ch\/wp-content\/uploads\/2025\/08\/mf21124912.jpg 1440w, https:\/\/www.fewotessin.ch\/wp-content\/uploads\/2025\/08\/mf21124912-768x512.jpg 768w\" sizes=\"(max-width: 1440px) 100vw, 1440px\" \/>\t\t\t\t\t\t\t\t\t\t\t\t\t\t\t<\/div>\n\t\t\t\t<\/div>\n\t\t\t\t<\/div>\n\t\t<div class=\"elementor-element elementor-element-8e6a8b9 e-con-full e-flex e-con e-child\" data-id=\"8e6a8b9\" data-element_type=\"container\">\n\t\t\t\t<div class=\"elementor-element elementor-element-16011ec elementor-widget elementor-widget-heading\" data-id=\"16011ec\" data-element_type=\"widget\" data-widget_type=\"heading.default\">\n\t\t\t\t<div class=\"elementor-widget-container\">\n\t\t\t\t\t<h2 class=\"elementor-heading-title elementor-size-default\">Ferien am Lago Maggiore<\/h2>\t\t\t\t<\/div>\n\t\t\t\t<\/div>\n\t\t\t\t<div class=\"elementor-element elementor-element-20ade77 elementor-widget elementor-widget-text-editor\" data-id=\"20ade77\" data-element_type=\"widget\" data-widget_type=\"text-editor.default\">\n\t\t\t\t<div class=\"elementor-widget-container\">\n\t\t\t\t\t\t\t\t\t<p>Der Lago Maggiore liegt im S\u00fcden des Tessins und erstreckt sich bis nach Italien. Im Tessin bietet der See eine einzigartige Kombination aus mildem Klima, Bergen und See. Die Region rund um den See zeichnet sich durch die idyllischen D\u00f6rfer wie Brissago und Gerra (Gambarogno) und durch die charmanten Promenaden aus. Beliebte Ausflugsziele wie Locarno und Ascona sind schnell erreichbar. Die vielf\u00e4ltige Natur im Tessin bietet Besuchern zwischen Seeufer und Bergen traumhafte Spazier- und Radwege. Hier verbinden sich Ruhe und Aktivit\u00e4t auf ideale Art und Weise.<\/p><p>Zu den Highlights des Lago Maggiores z\u00e4hlen seine vielen M\u00f6glichkeiten f\u00fcr Wassersport. Neben Schwimmen und Tauchen in kleinen Buchten bietet er Platz zum Segeln, Stand-Up-Paddling und Bootfahren. Zudem erlaubt der See Besuchern eine Vielzahl an Fischarten zu angeln. Zu diesen z\u00e4hlen Seeforelle, Zander und Maifisch. Die beste Reisezeit f\u00fcr einen Aufenthalt am Lago Maggiore liegt zwischen Mai und September, wenn das Wetter mild ist und das Wasser zum Baden einl\u00e4dt.<\/p><p>Lokale Restaurants in der Umgebung laden mit Seeblick zum Verweilen ein. Wenn Sie direkt von Ihrer Ferienunterkunft in den See springen m\u00f6chten, sollten Sie sich eine Lago Maggiore Ferienwohnung mit Seezugang buchen.<\/p>\t\t\t\t\t\t\t\t<\/div>\n\t\t\t\t<\/div>\n\t\t\t\t<\/div>\n\t\t\t\t\t<\/div>\n\t\t\t\t<\/div>\n\t\t<div class=\"elementor-element elementor-element-0385015 e-flex e-con-boxed e-con e-parent\" data-id=\"0385015\" data-element_type=\"container\">\n\t\t\t\t\t<div class=\"e-con-inner\">\n\t\t<div class=\"elementor-element elementor-element-10934bb e-con-full e-flex e-con e-child\" data-id=\"10934bb\" data-element_type=\"container\">\n\t\t\t\t<div class=\"elementor-element elementor-element-14d9a46 elementor-widget elementor-widget-heading\" data-id=\"14d9a46\" data-element_type=\"widget\" data-widget_type=\"heading.default\">\n\t\t\t\t<div class=\"elementor-widget-container\">\n\t\t\t\t\t<h2 class=\"elementor-heading-title elementor-size-default\">Ferienunterk\u00fcnfte mit Seezugang<\/h2>\t\t\t\t<\/div>\n\t\t\t\t<\/div>\n\t\t\t\t<div class=\"elementor-element elementor-element-c88251a elementor-widget elementor-widget-text-editor\" data-id=\"c88251a\" data-element_type=\"widget\" data-widget_type=\"text-editor.default\">\n\t\t\t\t<div class=\"elementor-widget-container\">\n\t\t\t\t\t\t\t\t\t<p>Ferienwohnungen oder Ferienh\u00e4user mit direktem Seezugang machen Ihren Lago Maggiore Urlaub unvergesslich. G\u00e4ste beginnen Ihren Tag mit einem Sprung ins Wasser oder genie\u00dfen auf dem Steg den Ausblick auf den See.<\/p><p>Von gem\u00fctlichen Ferienwohnungen f\u00fcr Paare bis zu gr\u00f6\u00dferen Ferienappartements f\u00fcr Familien oder Gruppen. Jede Lago Maggiore Unterkunft direkt am See ist einzigartig. Viele Ferienunterk\u00fcnfte bieten neben einer stilvollen Einrichtung, eine voll ausgestattete K\u00fcche, G\u00e4rten oder Liegefl\u00e4chen direkt am Wasser. Einige Ferienwohnungen erm\u00f6glichen einen einzigartigen Seeblick auf der Terrasse oder dem Balkon. Bei einem gem\u00fctlichen Fr\u00fchst\u00fcck oder einem Glas Wein am Abend l\u00e4sst sich der Ausblick am Besten genie\u00dfen.<\/p><p>Die direkte Uferlage erm\u00f6glicht bei Ihrem Aufenthalt in einem Ferienappartement oder einem Ferienhaus Lago Maggiore besondere Flexibilit\u00e4t. Angler und Wassersportler profitieren davon, jederzeit Zugang zum Lago Maggiore zu haben. G\u00e4ste genie\u00dfen durch die Lage direkt am See nicht nur die sch\u00f6ne Landschaft, sondern auch den Komfort, den See unmittelbar vor der Haust\u00fcr zu haben.<\/p><p>Eine Lago Maggiore Ferienwohnung mit Seezugang eignet sich sowohl f\u00fcr kurze Wochenendtrips als auch f\u00fcr l\u00e4ngere Aufenthalte. Die Kombination aus Natur, Aktivit\u00e4ten am Wasser und komfortabler Unterkunft macht jeden Urlaub zu einem Erlebnis, das Ruhe, Entspannung und M\u00f6glichkeiten f\u00fcr sportliche Aktivit\u00e4ten vereint.<\/p><p>Wer einen Lago Maggiore Urlaub plant, findet in den Unterk\u00fcnften mit direktem Zugang zum Wasser die perfekte Basis, um die Sch\u00f6nheit der Region zu erleben und die Vorz\u00fcge des Sees voll auszukosten.<\/p>\t\t\t\t\t\t\t\t<\/div>\n\t\t\t\t<\/div>\n\t\t\t\t<\/div>\n\t\t<div class=\"elementor-element elementor-element-186cae1 e-con-full e-flex e-con e-child\" data-id=\"186cae1\" data-element_type=\"container\">\n\t\t\t\t<div class=\"elementor-element elementor-element-42581fe elementor-widget elementor-widget-image\" data-id=\"42581fe\" data-element_type=\"widget\" data-widget_type=\"image.default\">\n\t\t\t\t<div class=\"elementor-widget-container\">\n\t\t\t\t\t\t\t\t\t\t\t\t\t\t\t<img decoding=\"async\" width=\"529\" height=\"576\" src=\"https:\/\/www.fewotessin.ch\/wp-content\/uploads\/2026\/01\/mf18971783.jpeg-768x576-1-e1767797149810.jpg\" class=\"attachment-large size-large wp-image-13914\" alt=\"Terrasse einer Ferienwohnung am Lago Maggiore\" \/>\t\t\t\t\t\t\t\t\t\t\t\t\t\t\t<\/div>\n\t\t\t\t<\/div>\n\t\t\t\t<\/div>\n\t\t\t\t\t<\/div>\n\t\t\t\t<\/div>\n\t\t\t\t<\/div>\n\t\t","protected":false},"excerpt":{"rendered":"<p>Ferien am Lago Maggiore Der Lago Maggiore liegt im S\u00fcden des Tessins und erstreckt sich bis nach Italien. Im Tessin bietet der See eine einzigartige Kombination aus mildem Klima, Bergen und See. Die Region rund um den See zeichnet sich durch die idyllischen D\u00f6rfer wie Brissago und Gerra (Gambarogno) und durch die charmanten Promenaden aus. [&hellip;]<\/p>\n","protected":false},"author":1,"featured_media":0,"parent":9712,"menu_order":0,"comment_status":"closed","ping_status":"closed","template":"","meta":{"_acf_changed":false,"footnotes":""},"seitenart":[24],"class_list":["post-9738","page","type-page","status-publish","hentry","seitenart-landing-page"],"acf":[],"yoast_head":"<!-- This site is optimized with the Yoast SEO plugin v26.2 - https:\/\/yoast.com\/wordpress\/plugins\/seo\/ -->\n<title>Ferien mit Seezugang - Fewotessin<\/title>\n<meta name=\"description\" content=\"Ferienwohnungen und Ferienh\u00e4user direkt am See - f\u00fcr entspannte Stunden am Wasser und unvergessliche Momente am Lago Maggiore.\" \/>\n<meta name=\"robots\" content=\"index, follow, max-snippet:-1, max-image-preview:large, max-video-preview:-1\" \/>\n<link rel=\"canonical\" href=\"https:\/\/www.fewotessin.ch\/de\/suche\/ferien-mit-seezugang\/\" \/>\n<meta property=\"og:locale\" content=\"de_DE\" \/>\n<meta property=\"og:type\" content=\"article\" \/>\n<meta property=\"og:title\" content=\"Ferien mit Seezugang - Fewotessin\" \/>\n<meta property=\"og:description\" content=\"Ferienwohnungen und Ferienh\u00e4user direkt am See - f\u00fcr entspannte Stunden am Wasser und unvergessliche Momente am Lago Maggiore.\" \/>\n<meta property=\"og:url\" content=\"https:\/\/www.fewotessin.ch\/de\/suche\/ferien-mit-seezugang\/\" \/>\n<meta property=\"og:site_name\" content=\"Fewotessin\" \/>\n<meta property=\"article:modified_time\" content=\"2026-01-09T08:37:16+00:00\" \/>\n<meta property=\"og:image\" content=\"https:\/\/www.fewotessin.ch\/wp-content\/uploads\/2025\/08\/mf21124912.jpg\" \/>\n\t<meta property=\"og:image:width\" content=\"1440\" \/>\n\t<meta property=\"og:image:height\" content=\"960\" \/>\n\t<meta property=\"og:image:type\" content=\"image\/jpeg\" \/>\n<meta name=\"twitter:card\" content=\"summary_large_image\" \/>\n<meta name=\"twitter:label1\" content=\"Gesch\u00e4tzte Lesezeit\" \/>\n\t<meta name=\"twitter:data1\" content=\"3\u00a0Minuten\" \/>\n<script type=\"application\/ld+json\" class=\"yoast-schema-graph\">{\"@context\":\"https:\/\/schema.org\",\"@graph\":[{\"@type\":\"WebPage\",\"@id\":\"https:\/\/www.fewotessin.ch\/de\/suche\/ferien-mit-seezugang\/\",\"url\":\"https:\/\/www.fewotessin.ch\/de\/suche\/ferien-mit-seezugang\/\",\"name\":\"Ferien mit Seezugang - Fewotessin\",\"isPartOf\":{\"@id\":\"https:\/\/www.fewotessin.ch\/de\/#website\"},\"primaryImageOfPage\":{\"@id\":\"https:\/\/www.fewotessin.ch\/de\/suche\/ferien-mit-seezugang\/#primaryimage\"},\"image\":{\"@id\":\"https:\/\/www.fewotessin.ch\/de\/suche\/ferien-mit-seezugang\/#primaryimage\"},\"thumbnailUrl\":\"https:\/\/www.fewotessin.ch\/wp-content\/uploads\/2025\/08\/mf21124912.jpg\",\"datePublished\":\"2025-08-11T09:17:59+00:00\",\"dateModified\":\"2026-01-09T08:37:16+00:00\",\"description\":\"Ferienwohnungen und Ferienh\u00e4user direkt am See - f\u00fcr entspannte Stunden am Wasser und unvergessliche Momente am Lago Maggiore.\",\"breadcrumb\":{\"@id\":\"https:\/\/www.fewotessin.ch\/de\/suche\/ferien-mit-seezugang\/#breadcrumb\"},\"inLanguage\":\"de\",\"potentialAction\":[{\"@type\":\"ReadAction\",\"target\":[\"https:\/\/www.fewotessin.ch\/de\/suche\/ferien-mit-seezugang\/\"]}]},{\"@type\":\"ImageObject\",\"inLanguage\":\"de\",\"@id\":\"https:\/\/www.fewotessin.ch\/de\/suche\/ferien-mit-seezugang\/#primaryimage\",\"url\":\"https:\/\/www.fewotessin.ch\/wp-content\/uploads\/2025\/08\/mf21124912.jpg\",\"contentUrl\":\"https:\/\/www.fewotessin.ch\/wp-content\/uploads\/2025\/08\/mf21124912.jpg\"},{\"@type\":\"BreadcrumbList\",\"@id\":\"https:\/\/www.fewotessin.ch\/de\/suche\/ferien-mit-seezugang\/#breadcrumb\",\"itemListElement\":[{\"@type\":\"ListItem\",\"position\":1,\"name\":\"Startseite\",\"item\":\"https:\/\/www.fewotessin.ch\/de\/\"},{\"@type\":\"ListItem\",\"position\":2,\"name\":\"Suche\",\"item\":\"https:\/\/www.fewotessin.ch\/de\/suche\/\"},{\"@type\":\"ListItem\",\"position\":3,\"name\":\"Ferien mit Seezugang\"}]},{\"@type\":\"WebSite\",\"@id\":\"https:\/\/www.fewotessin.ch\/de\/#website\",\"url\":\"https:\/\/www.fewotessin.ch\/de\/\",\"name\":\"Fewotessin\",\"description\":\"\",\"publisher\":{\"@id\":\"https:\/\/www.fewotessin.ch\/de\/#organization\"},\"potentialAction\":[{\"@type\":\"SearchAction\",\"target\":{\"@type\":\"EntryPoint\",\"urlTemplate\":\"https:\/\/www.fewotessin.ch\/de\/?s={search_term_string}\"},\"query-input\":{\"@type\":\"PropertyValueSpecification\",\"valueRequired\":true,\"valueName\":\"search_term_string\"}}],\"inLanguage\":\"de\"},{\"@type\":\"Organization\",\"@id\":\"https:\/\/www.fewotessin.ch\/de\/#organization\",\"name\":\"Fewotessin\",\"url\":\"https:\/\/www.fewotessin.ch\/de\/\",\"logo\":{\"@type\":\"ImageObject\",\"inLanguage\":\"de\",\"@id\":\"https:\/\/www.fewotessin.ch\/de\/#\/schema\/logo\/image\/\",\"url\":\"https:\/\/www.fewotessin.ch\/wp-content\/uploads\/2025\/08\/fewotessin_Logo.png\",\"contentUrl\":\"https:\/\/www.fewotessin.ch\/wp-content\/uploads\/2025\/08\/fewotessin_Logo.png\",\"width\":791,\"height\":133,\"caption\":\"Fewotessin\"},\"image\":{\"@id\":\"https:\/\/www.fewotessin.ch\/de\/#\/schema\/logo\/image\/\"}}]}<\/script>\n<!-- \/ Yoast SEO plugin. -->","yoast_head_json":{"title":"Ferien mit Seezugang - Fewotessin","description":"Ferienwohnungen und Ferienh\u00e4user direkt am See - f\u00fcr entspannte Stunden am Wasser und unvergessliche Momente am Lago Maggiore.","robots":{"index":"index","follow":"follow","max-snippet":"max-snippet:-1","max-image-preview":"max-image-preview:large","max-video-preview":"max-video-preview:-1"},"canonical":"https:\/\/www.fewotessin.ch\/de\/suche\/ferien-mit-seezugang\/","og_locale":"de_DE","og_type":"article","og_title":"Ferien mit Seezugang - Fewotessin","og_description":"Ferienwohnungen und Ferienh\u00e4user direkt am See - f\u00fcr entspannte Stunden am Wasser und unvergessliche Momente am Lago Maggiore.","og_url":"https:\/\/www.fewotessin.ch\/de\/suche\/ferien-mit-seezugang\/","og_site_name":"Fewotessin","article_modified_time":"2026-01-09T08:37:16+00:00","og_image":[{"width":1440,"height":960,"url":"https:\/\/www.fewotessin.ch\/wp-content\/uploads\/2025\/08\/mf21124912.jpg","type":"image\/jpeg"}],"twitter_card":"summary_large_image","twitter_misc":{"Gesch\u00e4tzte Lesezeit":"3\u00a0Minuten"},"schema":{"@context":"https:\/\/schema.org","@graph":[{"@type":"WebPage","@id":"https:\/\/www.fewotessin.ch\/de\/suche\/ferien-mit-seezugang\/","url":"https:\/\/www.fewotessin.ch\/de\/suche\/ferien-mit-seezugang\/","name":"Ferien mit Seezugang - Fewotessin","isPartOf":{"@id":"https:\/\/www.fewotessin.ch\/de\/#website"},"primaryImageOfPage":{"@id":"https:\/\/www.fewotessin.ch\/de\/suche\/ferien-mit-seezugang\/#primaryimage"},"image":{"@id":"https:\/\/www.fewotessin.ch\/de\/suche\/ferien-mit-seezugang\/#primaryimage"},"thumbnailUrl":"https:\/\/www.fewotessin.ch\/wp-content\/uploads\/2025\/08\/mf21124912.jpg","datePublished":"2025-08-11T09:17:59+00:00","dateModified":"2026-01-09T08:37:16+00:00","description":"Ferienwohnungen und Ferienh\u00e4user direkt am See - f\u00fcr entspannte Stunden am Wasser und unvergessliche Momente am Lago Maggiore.","breadcrumb":{"@id":"https:\/\/www.fewotessin.ch\/de\/suche\/ferien-mit-seezugang\/#breadcrumb"},"inLanguage":"de","potentialAction":[{"@type":"ReadAction","target":["https:\/\/www.fewotessin.ch\/de\/suche\/ferien-mit-seezugang\/"]}]},{"@type":"ImageObject","inLanguage":"de","@id":"https:\/\/www.fewotessin.ch\/de\/suche\/ferien-mit-seezugang\/#primaryimage","url":"https:\/\/www.fewotessin.ch\/wp-content\/uploads\/2025\/08\/mf21124912.jpg","contentUrl":"https:\/\/www.fewotessin.ch\/wp-content\/uploads\/2025\/08\/mf21124912.jpg"},{"@type":"BreadcrumbList","@id":"https:\/\/www.fewotessin.ch\/de\/suche\/ferien-mit-seezugang\/#breadcrumb","itemListElement":[{"@type":"ListItem","position":1,"name":"Startseite","item":"https:\/\/www.fewotessin.ch\/de\/"},{"@type":"ListItem","position":2,"name":"Suche","item":"https:\/\/www.fewotessin.ch\/de\/suche\/"},{"@type":"ListItem","position":3,"name":"Ferien mit Seezugang"}]},{"@type":"WebSite","@id":"https:\/\/www.fewotessin.ch\/de\/#website","url":"https:\/\/www.fewotessin.ch\/de\/","name":"Fewotessin","description":"","publisher":{"@id":"https:\/\/www.fewotessin.ch\/de\/#organization"},"potentialAction":[{"@type":"SearchAction","target":{"@type":"EntryPoint","urlTemplate":"https:\/\/www.fewotessin.ch\/de\/?s={search_term_string}"},"query-input":{"@type":"PropertyValueSpecification","valueRequired":true,"valueName":"search_term_string"}}],"inLanguage":"de"},{"@type":"Organization","@id":"https:\/\/www.fewotessin.ch\/de\/#organization","name":"Fewotessin","url":"https:\/\/www.fewotessin.ch\/de\/","logo":{"@type":"ImageObject","inLanguage":"de","@id":"https:\/\/www.fewotessin.ch\/de\/#\/schema\/logo\/image\/","url":"https:\/\/www.fewotessin.ch\/wp-content\/uploads\/2025\/08\/fewotessin_Logo.png","contentUrl":"https:\/\/www.fewotessin.ch\/wp-content\/uploads\/2025\/08\/fewotessin_Logo.png","width":791,"height":133,"caption":"Fewotessin"},"image":{"@id":"https:\/\/www.fewotessin.ch\/de\/#\/schema\/logo\/image\/"}}]}},"_links":{"self":[{"href":"https:\/\/www.fewotessin.ch\/de\/wp-json\/wp\/v2\/pages\/9738","targetHints":{"allow":["GET"]}}],"collection":[{"href":"https:\/\/www.fewotessin.ch\/de\/wp-json\/wp\/v2\/pages"}],"about":[{"href":"https:\/\/www.fewotessin.ch\/de\/wp-json\/wp\/v2\/types\/page"}],"author":[{"embeddable":true,"href":"https:\/\/www.fewotessin.ch\/de\/wp-json\/wp\/v2\/users\/1"}],"replies":[{"embeddable":true,"href":"https:\/\/www.fewotessin.ch\/de\/wp-json\/wp\/v2\/comments?post=9738"}],"version-history":[{"count":30,"href":"https:\/\/www.fewotessin.ch\/de\/wp-json\/wp\/v2\/pages\/9738\/revisions"}],"predecessor-version":[{"id":13951,"href":"https:\/\/www.fewotessin.ch\/de\/wp-json\/wp\/v2\/pages\/9738\/revisions\/13951"}],"up":[{"embeddable":true,"href":"https:\/\/www.fewotessin.ch\/de\/wp-json\/wp\/v2\/pages\/9712"}],"wp:attachment":[{"href":"https:\/\/www.fewotessin.ch\/de\/wp-json\/wp\/v2\/media?parent=9738"}],"wp:term":[{"taxonomy":"seitenart","embeddable":true,"href":"https:\/\/www.fewotessin.ch\/de\/wp-json\/wp\/v2\/seitenart?post=9738"}],"curies":[{"name":"wp","href":"https:\/\/api.w.org\/{rel}","templated":true}]}}