{"id":10856,"date":"2025-09-26T08:49:07","date_gmt":"2025-09-26T06:49:07","guid":{"rendered":"https:\/\/www.fewotessin.ch\/?page_id=10856"},"modified":"2026-03-06T12:02:01","modified_gmt":"2026-03-06T11:02:01","slug":"premiumobjekte","status":"publish","type":"page","link":"https:\/\/www.fewotessin.ch\/de\/suche\/premiumobjekte\/","title":{"rendered":"Premiumobjekte"},"content":{"rendered":"\t\t<div data-elementor-type=\"wp-page\" data-elementor-id=\"10856\" class=\"elementor elementor-10856\" data-elementor-post-type=\"page\">\n\t\t\t\t<div class=\"elementor-element elementor-element-6579850 e-flex e-con-boxed e-con e-parent\" data-id=\"6579850\" data-element_type=\"container\">\n\t\t\t\t\t<div class=\"e-con-inner\">\n\t\t\t\t<div class=\"elementor-element elementor-element-392bf85 elementor-widget elementor-widget-spacer\" data-id=\"392bf85\" data-element_type=\"widget\" data-widget_type=\"spacer.default\">\n\t\t\t\t<div class=\"elementor-widget-container\">\n\t\t\t\t\t\t\t<div class=\"elementor-spacer\">\n\t\t\t<div class=\"elementor-spacer-inner\"><\/div>\n\t\t<\/div>\n\t\t\t\t\t\t<\/div>\n\t\t\t\t<\/div>\n\t\t\t\t\t<\/div>\n\t\t\t\t<\/div>\n\t\t<div class=\"elementor-element elementor-element-3acd10b e-flex e-con-boxed e-con e-parent\" data-id=\"3acd10b\" data-element_type=\"container\">\n\t\t\t\t\t<div class=\"e-con-inner\">\n\t\t<div class=\"elementor-element elementor-element-2b552dd e-con-full e-flex e-con e-child\" data-id=\"2b552dd\" data-element_type=\"container\">\n\t\t\t\t<div class=\"elementor-element elementor-element-fb87b89 elementor-widget elementor-widget-heading\" data-id=\"fb87b89\" data-element_type=\"widget\" data-widget_type=\"heading.default\">\n\t\t\t\t<div class=\"elementor-widget-container\">\n\t\t\t\t\t<h2 class=\"elementor-heading-title elementor-size-default\">Premiumurlaub am Lago Maggiore<\/h2>\t\t\t\t<\/div>\n\t\t\t\t<\/div>\n\t\t\t\t<div class=\"elementor-element elementor-element-55018e0 elementor-widget elementor-widget-text-editor\" data-id=\"55018e0\" data-element_type=\"widget\" data-widget_type=\"text-editor.default\">\n\t\t\t\t<div class=\"elementor-widget-container\">\n\t\t\t\t\t\t\t\t\t<p>Der Lago Maggiore im Tessin bietet eine ideale Kulisse f\u00fcr einen erholsamen und vielseitigen Urlaub. Wer eines unserer <strong>Luxus Ferienh\u00e4user Lago Maggiore<\/strong> oder eine <strong>Luxus Ferienwohnung Lago Maggiore<\/strong> w\u00e4hlt, kann sowohl Ruhe als auch abwechslungsreiche Aktivit\u00e4ten in unmittelbarer N\u00e4he genie\u00dfen. Die Region zeichnet sich durch ihre mediterrane Landschaft, charmante Orte, das klare Seewasser und eine angenehme Mischung aus Bergen und Seeufer aus.<\/p><p>Viele unserer G\u00e4ste nutzen den Aufenthalt f\u00fcr Ausfl\u00fcge in die malerischen St\u00e4dte und Orte rund um das Tessin. Eine Bootstour auf dem See er\u00f6ffnet neue Perspektiven auf die Landschaft und f\u00fchrt zu versteckten Buchten. Die St\u00e4dte Brissago, Ascona und Locarno bieten ein vielf\u00e4ltiges kulturelles Angebot und laden mit Restaurants und Caf\u00e9s am Seeufer dazu ein, lokale Spezialit\u00e4ten zu genie\u00dfen. An den Promenaden und Uferwegen k\u00f6nnen Sie bei Spazierg\u00e4ngen entspannen oder sportliche Aktivit\u00e4ten wie Joggen oder Radfahren aus\u00fcben. F\u00fcr Naturliebhaber bieten die umliegenden Berge und H\u00fcgel zahlreiche Wander- und Radwege, die immer wieder Panoramablicke \u00fcber den See und die malerischen D\u00f6rfer erm\u00f6glichen. Auch f\u00fcr Wassersportler und Golfer gibt es attraktive M\u00f6glichkeiten, die Umgebung zu entdecken. Auf diese Weise verbindet ein Aufenthalt im Tessin am Lago Maggiore aktive Erholung mit entspannender Auszeit, Kulturgenuss und Naturerlebnissen.<\/p>\t\t\t\t\t\t\t\t<\/div>\n\t\t\t\t<\/div>\n\t\t\t\t<\/div>\n\t\t<div class=\"elementor-element elementor-element-287ff2d e-con-full e-flex e-con e-child\" data-id=\"287ff2d\" data-element_type=\"container\">\n\t\t\t\t<div class=\"elementor-element elementor-element-c31e98f elementor-widget elementor-widget-image\" data-id=\"c31e98f\" data-element_type=\"widget\" data-widget_type=\"image.default\">\n\t\t\t\t<div class=\"elementor-widget-container\">\n\t\t\t\t\t\t\t\t\t\t\t\t\t\t\t<img fetchpriority=\"high\" decoding=\"async\" width=\"2400\" height=\"1793\" src=\"https:\/\/www.fewotessin.ch\/wp-content\/uploads\/2026\/02\/mf26190353.jpg\" class=\"attachment-large size-large wp-image-14555\" alt=\"Lago Maggiore\" srcset=\"https:\/\/www.fewotessin.ch\/wp-content\/uploads\/2026\/02\/mf26190353.jpg 2400w, https:\/\/www.fewotessin.ch\/wp-content\/uploads\/2026\/02\/mf26190353-768x574.jpg 768w, https:\/\/www.fewotessin.ch\/wp-content\/uploads\/2026\/02\/mf26190353-1536x1148.jpg 1536w, https:\/\/www.fewotessin.ch\/wp-content\/uploads\/2026\/02\/mf26190353-2048x1530.jpg 2048w\" sizes=\"(max-width: 2400px) 100vw, 2400px\" \/>\t\t\t\t\t\t\t\t\t\t\t\t\t\t\t<\/div>\n\t\t\t\t<\/div>\n\t\t\t\t<\/div>\n\t\t\t\t\t<\/div>\n\t\t\t\t<\/div>\n\t\t<div class=\"elementor-element elementor-element-829c5f4 e-flex e-con-boxed e-con e-parent\" data-id=\"829c5f4\" data-element_type=\"container\">\n\t\t\t\t\t<div class=\"e-con-inner\">\n\t\t\t\t<div class=\"elementor-element elementor-element-27a5328 elementor-widget elementor-widget-spacer\" data-id=\"27a5328\" data-element_type=\"widget\" data-widget_type=\"spacer.default\">\n\t\t\t\t<div class=\"elementor-widget-container\">\n\t\t\t\t\t\t\t<div class=\"elementor-spacer\">\n\t\t\t<div class=\"elementor-spacer-inner\"><\/div>\n\t\t<\/div>\n\t\t\t\t\t\t<\/div>\n\t\t\t\t<\/div>\n\t\t\t\t\t<\/div>\n\t\t\t\t<\/div>\n\t\t<div class=\"elementor-element elementor-element-8228908 e-flex e-con-boxed e-con e-parent\" data-id=\"8228908\" data-element_type=\"container\">\n\t\t\t\t\t<div class=\"e-con-inner\">\n\t\t<div class=\"elementor-element elementor-element-fc4b0ac e-con-full e-flex e-con e-child\" data-id=\"fc4b0ac\" data-element_type=\"container\">\n\t\t\t\t<div class=\"elementor-element elementor-element-d3b40b4 elementor-widget elementor-widget-image\" data-id=\"d3b40b4\" data-element_type=\"widget\" data-widget_type=\"image.default\">\n\t\t\t\t<div class=\"elementor-widget-container\">\n\t\t\t\t\t\t\t\t\t\t\t\t\t\t\t<img decoding=\"async\" width=\"768\" height=\"576\" src=\"https:\/\/www.fewotessin.ch\/wp-content\/uploads\/2026\/03\/mf25280148-768x576-1.jpg\" class=\"attachment-large size-large wp-image-14835\" alt=\"Pool mit Seeblick\" \/>\t\t\t\t\t\t\t\t\t\t\t\t\t\t\t<\/div>\n\t\t\t\t<\/div>\n\t\t\t\t<\/div>\n\t\t<div class=\"elementor-element elementor-element-f4e8523 e-con-full e-flex e-con e-child\" data-id=\"f4e8523\" data-element_type=\"container\">\n\t\t\t\t<div class=\"elementor-element elementor-element-a7ccc9a elementor-widget elementor-widget-heading\" data-id=\"a7ccc9a\" data-element_type=\"widget\" data-widget_type=\"heading.default\">\n\t\t\t\t<div class=\"elementor-widget-container\">\n\t\t\t\t\t<h2 class=\"elementor-heading-title elementor-size-default\">Unsere Premiumobjekte<\/h2>\t\t\t\t<\/div>\n\t\t\t\t<\/div>\n\t\t\t\t<div class=\"elementor-element elementor-element-c1406e3 elementor-widget elementor-widget-text-editor\" data-id=\"c1406e3\" data-element_type=\"widget\" data-widget_type=\"text-editor.default\">\n\t\t\t\t<div class=\"elementor-widget-container\">\n\t\t\t\t\t\t\t\t\t<p>Unsere Premiumobjekte im Tessin zeichnen sich durch eine hochwertige Ausstattung und stilvolle Einrichtung aus. Die <strong>Luxus Ferienwohnungen Lago Maggiore<\/strong> und <strong>Luxus Ferienh\u00e4user Lago Maggiore<\/strong> bieten moderne K\u00fcchen, ger\u00e4umige Wohn- und Essbereiche sowie private Balkone, Terrassen oder G\u00e4rten, die zum Entspannen einladen. Viele H\u00e4user verf\u00fcgen \u00fcber einen Pool oder eine Sauna, sodass G\u00e4ste Erholung direkt im eigenen Bereich genie\u00dfen k\u00f6nnen.<\/p><p>Ein besonderes Merkmal unserer Luxus Ferienwohnungen und <strong>Luxus Ferienh\u00e4user Tessin<\/strong> ist der Blick auf den See oder in vielen F\u00e4llen sogar direkter Seezugang. Zahlreiche Unterk\u00fcnfte liegen an erh\u00f6hter Position und bieten einen Panoramablick \u00fcber den Lago Maggiore, der sowohl morgens als auch bei Sonnenuntergang beeindruckende Ausblicke erm\u00f6glicht. Gleichzeitig profitieren G\u00e4ste von einer zentralen Lage, die kurze Wege zu Restaurants, Caf\u00e9s und Sehensw\u00fcrdigkeiten bietet, ohne dass der Aufenthalt an Ruhe und Privatsph\u00e4re verliert.<\/p><p>Die Kombination aus hochwertigen Materialien, stilvoller Einrichtung und durchdachter Ausstattung sorgt f\u00fcr ein angenehmes Wohngef\u00fchl. Unsere Premiumobjekte eignen sich gleicherma\u00dfen f\u00fcr Paare, Familien oder Gruppen, die Wert auf Komfort, Ruhe und Privatsph\u00e4re legen. Jede Unterkunft ist so konzipiert, dass der Aufenthalt individuell gestaltet werden kann. Ob Sie einen entspannten Urlaub am Pool verbringen, die Umgebung erkunden oder einfach den Seeblick genie\u00dfen m\u00f6chten, die Objekte bieten die passende Grundlage f\u00fcr einen angenehmen und vielseitigen Aufenthalt im Tessin.<\/p>\t\t\t\t\t\t\t\t<\/div>\n\t\t\t\t<\/div>\n\t\t\t\t<\/div>\n\t\t\t\t\t<\/div>\n\t\t\t\t<\/div>\n\t\t<div class=\"elementor-element elementor-element-6fc51dd e-flex e-con-boxed e-con e-parent\" data-id=\"6fc51dd\" data-element_type=\"container\">\n\t\t\t\t\t<div class=\"e-con-inner\">\n\t\t\t\t<div class=\"elementor-element elementor-element-2f3910e elementor-widget elementor-widget-spacer\" data-id=\"2f3910e\" data-element_type=\"widget\" data-widget_type=\"spacer.default\">\n\t\t\t\t<div class=\"elementor-widget-container\">\n\t\t\t\t\t\t\t<div class=\"elementor-spacer\">\n\t\t\t<div class=\"elementor-spacer-inner\"><\/div>\n\t\t<\/div>\n\t\t\t\t\t\t<\/div>\n\t\t\t\t<\/div>\n\t\t\t\t\t<\/div>\n\t\t\t\t<\/div>\n\t\t\t\t<\/div>\n\t\t","protected":false},"excerpt":{"rendered":"<p>Premiumurlaub am Lago Maggiore Der Lago Maggiore im Tessin bietet eine ideale Kulisse f\u00fcr einen erholsamen und vielseitigen Urlaub. Wer eines unserer Luxus Ferienh\u00e4user Lago Maggiore oder eine Luxus Ferienwohnung Lago Maggiore w\u00e4hlt, kann sowohl Ruhe als auch abwechslungsreiche Aktivit\u00e4ten in unmittelbarer N\u00e4he genie\u00dfen. Die Region zeichnet sich durch ihre mediterrane Landschaft, charmante Orte, das [&hellip;]<\/p>\n","protected":false},"author":1,"featured_media":0,"parent":9712,"menu_order":0,"comment_status":"closed","ping_status":"closed","template":"","meta":{"_acf_changed":false,"footnotes":""},"seitenart":[24],"class_list":["post-10856","page","type-page","status-publish","hentry","seitenart-landing-page"],"acf":[],"yoast_head":"<!-- This site is optimized with the Yoast SEO plugin v26.2 - https:\/\/yoast.com\/wordpress\/plugins\/seo\/ -->\n<title>Premiumobjekte - Fewotessin<\/title>\n<meta name=\"description\" content=\"Exklusive Premiumobjekte bei Fewotessin - Ferienwohnungen und Ferienh\u00e4user mit Seeblick, Pool und mediterranem Flair.\" \/>\n<meta name=\"robots\" content=\"index, follow, max-snippet:-1, max-image-preview:large, max-video-preview:-1\" \/>\n<link rel=\"canonical\" href=\"https:\/\/www.fewotessin.ch\/de\/suche\/premiumobjekte\/\" \/>\n<meta property=\"og:locale\" content=\"de_DE\" \/>\n<meta property=\"og:type\" content=\"article\" \/>\n<meta property=\"og:title\" content=\"Premiumobjekte - Fewotessin\" \/>\n<meta property=\"og:description\" content=\"Exklusive Premiumobjekte bei Fewotessin - Ferienwohnungen und Ferienh\u00e4user mit Seeblick, Pool und mediterranem Flair.\" \/>\n<meta property=\"og:url\" content=\"https:\/\/www.fewotessin.ch\/de\/suche\/premiumobjekte\/\" \/>\n<meta property=\"og:site_name\" content=\"Fewotessin\" \/>\n<meta property=\"article:modified_time\" content=\"2026-03-06T11:02:01+00:00\" \/>\n<meta property=\"og:image\" content=\"https:\/\/www.fewotessin.ch\/wp-content\/uploads\/2026\/02\/mf26190353.jpg\" \/>\n\t<meta property=\"og:image:width\" content=\"2400\" \/>\n\t<meta property=\"og:image:height\" content=\"1793\" \/>\n\t<meta property=\"og:image:type\" content=\"image\/jpeg\" \/>\n<meta name=\"twitter:card\" content=\"summary_large_image\" \/>\n<meta name=\"twitter:label1\" content=\"Gesch\u00e4tzte Lesezeit\" \/>\n\t<meta name=\"twitter:data1\" content=\"3\u00a0Minuten\" \/>\n<script type=\"application\/ld+json\" class=\"yoast-schema-graph\">{\"@context\":\"https:\/\/schema.org\",\"@graph\":[{\"@type\":\"WebPage\",\"@id\":\"https:\/\/www.fewotessin.ch\/de\/suche\/premiumobjekte\/\",\"url\":\"https:\/\/www.fewotessin.ch\/de\/suche\/premiumobjekte\/\",\"name\":\"Premiumobjekte - Fewotessin\",\"isPartOf\":{\"@id\":\"https:\/\/www.fewotessin.ch\/de\/#website\"},\"primaryImageOfPage\":{\"@id\":\"https:\/\/www.fewotessin.ch\/de\/suche\/premiumobjekte\/#primaryimage\"},\"image\":{\"@id\":\"https:\/\/www.fewotessin.ch\/de\/suche\/premiumobjekte\/#primaryimage\"},\"thumbnailUrl\":\"https:\/\/www.fewotessin.ch\/wp-content\/uploads\/2026\/02\/mf26190353.jpg\",\"datePublished\":\"2025-09-26T06:49:07+00:00\",\"dateModified\":\"2026-03-06T11:02:01+00:00\",\"description\":\"Exklusive Premiumobjekte bei Fewotessin - Ferienwohnungen und Ferienh\u00e4user mit Seeblick, Pool und mediterranem Flair.\",\"breadcrumb\":{\"@id\":\"https:\/\/www.fewotessin.ch\/de\/suche\/premiumobjekte\/#breadcrumb\"},\"inLanguage\":\"de\",\"potentialAction\":[{\"@type\":\"ReadAction\",\"target\":[\"https:\/\/www.fewotessin.ch\/de\/suche\/premiumobjekte\/\"]}]},{\"@type\":\"ImageObject\",\"inLanguage\":\"de\",\"@id\":\"https:\/\/www.fewotessin.ch\/de\/suche\/premiumobjekte\/#primaryimage\",\"url\":\"https:\/\/www.fewotessin.ch\/wp-content\/uploads\/2026\/02\/mf26190353.jpg\",\"contentUrl\":\"https:\/\/www.fewotessin.ch\/wp-content\/uploads\/2026\/02\/mf26190353.jpg\"},{\"@type\":\"BreadcrumbList\",\"@id\":\"https:\/\/www.fewotessin.ch\/de\/suche\/premiumobjekte\/#breadcrumb\",\"itemListElement\":[{\"@type\":\"ListItem\",\"position\":1,\"name\":\"Startseite\",\"item\":\"https:\/\/www.fewotessin.ch\/de\/\"},{\"@type\":\"ListItem\",\"position\":2,\"name\":\"Suche\",\"item\":\"https:\/\/www.fewotessin.ch\/de\/suche\/\"},{\"@type\":\"ListItem\",\"position\":3,\"name\":\"Premiumobjekte\"}]},{\"@type\":\"WebSite\",\"@id\":\"https:\/\/www.fewotessin.ch\/de\/#website\",\"url\":\"https:\/\/www.fewotessin.ch\/de\/\",\"name\":\"Fewotessin\",\"description\":\"\",\"publisher\":{\"@id\":\"https:\/\/www.fewotessin.ch\/de\/#organization\"},\"potentialAction\":[{\"@type\":\"SearchAction\",\"target\":{\"@type\":\"EntryPoint\",\"urlTemplate\":\"https:\/\/www.fewotessin.ch\/de\/?s={search_term_string}\"},\"query-input\":{\"@type\":\"PropertyValueSpecification\",\"valueRequired\":true,\"valueName\":\"search_term_string\"}}],\"inLanguage\":\"de\"},{\"@type\":\"Organization\",\"@id\":\"https:\/\/www.fewotessin.ch\/de\/#organization\",\"name\":\"Fewotessin\",\"url\":\"https:\/\/www.fewotessin.ch\/de\/\",\"logo\":{\"@type\":\"ImageObject\",\"inLanguage\":\"de\",\"@id\":\"https:\/\/www.fewotessin.ch\/de\/#\/schema\/logo\/image\/\",\"url\":\"https:\/\/www.fewotessin.ch\/wp-content\/uploads\/2025\/08\/fewotessin_Logo.png\",\"contentUrl\":\"https:\/\/www.fewotessin.ch\/wp-content\/uploads\/2025\/08\/fewotessin_Logo.png\",\"width\":791,\"height\":133,\"caption\":\"Fewotessin\"},\"image\":{\"@id\":\"https:\/\/www.fewotessin.ch\/de\/#\/schema\/logo\/image\/\"}}]}<\/script>\n<!-- \/ Yoast SEO plugin. -->","yoast_head_json":{"title":"Premiumobjekte - Fewotessin","description":"Exklusive Premiumobjekte bei Fewotessin - Ferienwohnungen und Ferienh\u00e4user mit Seeblick, Pool und mediterranem Flair.","robots":{"index":"index","follow":"follow","max-snippet":"max-snippet:-1","max-image-preview":"max-image-preview:large","max-video-preview":"max-video-preview:-1"},"canonical":"https:\/\/www.fewotessin.ch\/de\/suche\/premiumobjekte\/","og_locale":"de_DE","og_type":"article","og_title":"Premiumobjekte - Fewotessin","og_description":"Exklusive Premiumobjekte bei Fewotessin - Ferienwohnungen und Ferienh\u00e4user mit Seeblick, Pool und mediterranem Flair.","og_url":"https:\/\/www.fewotessin.ch\/de\/suche\/premiumobjekte\/","og_site_name":"Fewotessin","article_modified_time":"2026-03-06T11:02:01+00:00","og_image":[{"width":2400,"height":1793,"url":"https:\/\/www.fewotessin.ch\/wp-content\/uploads\/2026\/02\/mf26190353.jpg","type":"image\/jpeg"}],"twitter_card":"summary_large_image","twitter_misc":{"Gesch\u00e4tzte Lesezeit":"3\u00a0Minuten"},"schema":{"@context":"https:\/\/schema.org","@graph":[{"@type":"WebPage","@id":"https:\/\/www.fewotessin.ch\/de\/suche\/premiumobjekte\/","url":"https:\/\/www.fewotessin.ch\/de\/suche\/premiumobjekte\/","name":"Premiumobjekte - Fewotessin","isPartOf":{"@id":"https:\/\/www.fewotessin.ch\/de\/#website"},"primaryImageOfPage":{"@id":"https:\/\/www.fewotessin.ch\/de\/suche\/premiumobjekte\/#primaryimage"},"image":{"@id":"https:\/\/www.fewotessin.ch\/de\/suche\/premiumobjekte\/#primaryimage"},"thumbnailUrl":"https:\/\/www.fewotessin.ch\/wp-content\/uploads\/2026\/02\/mf26190353.jpg","datePublished":"2025-09-26T06:49:07+00:00","dateModified":"2026-03-06T11:02:01+00:00","description":"Exklusive Premiumobjekte bei Fewotessin - Ferienwohnungen und Ferienh\u00e4user mit Seeblick, Pool und mediterranem Flair.","breadcrumb":{"@id":"https:\/\/www.fewotessin.ch\/de\/suche\/premiumobjekte\/#breadcrumb"},"inLanguage":"de","potentialAction":[{"@type":"ReadAction","target":["https:\/\/www.fewotessin.ch\/de\/suche\/premiumobjekte\/"]}]},{"@type":"ImageObject","inLanguage":"de","@id":"https:\/\/www.fewotessin.ch\/de\/suche\/premiumobjekte\/#primaryimage","url":"https:\/\/www.fewotessin.ch\/wp-content\/uploads\/2026\/02\/mf26190353.jpg","contentUrl":"https:\/\/www.fewotessin.ch\/wp-content\/uploads\/2026\/02\/mf26190353.jpg"},{"@type":"BreadcrumbList","@id":"https:\/\/www.fewotessin.ch\/de\/suche\/premiumobjekte\/#breadcrumb","itemListElement":[{"@type":"ListItem","position":1,"name":"Startseite","item":"https:\/\/www.fewotessin.ch\/de\/"},{"@type":"ListItem","position":2,"name":"Suche","item":"https:\/\/www.fewotessin.ch\/de\/suche\/"},{"@type":"ListItem","position":3,"name":"Premiumobjekte"}]},{"@type":"WebSite","@id":"https:\/\/www.fewotessin.ch\/de\/#website","url":"https:\/\/www.fewotessin.ch\/de\/","name":"Fewotessin","description":"","publisher":{"@id":"https:\/\/www.fewotessin.ch\/de\/#organization"},"potentialAction":[{"@type":"SearchAction","target":{"@type":"EntryPoint","urlTemplate":"https:\/\/www.fewotessin.ch\/de\/?s={search_term_string}"},"query-input":{"@type":"PropertyValueSpecification","valueRequired":true,"valueName":"search_term_string"}}],"inLanguage":"de"},{"@type":"Organization","@id":"https:\/\/www.fewotessin.ch\/de\/#organization","name":"Fewotessin","url":"https:\/\/www.fewotessin.ch\/de\/","logo":{"@type":"ImageObject","inLanguage":"de","@id":"https:\/\/www.fewotessin.ch\/de\/#\/schema\/logo\/image\/","url":"https:\/\/www.fewotessin.ch\/wp-content\/uploads\/2025\/08\/fewotessin_Logo.png","contentUrl":"https:\/\/www.fewotessin.ch\/wp-content\/uploads\/2025\/08\/fewotessin_Logo.png","width":791,"height":133,"caption":"Fewotessin"},"image":{"@id":"https:\/\/www.fewotessin.ch\/de\/#\/schema\/logo\/image\/"}}]}},"_links":{"self":[{"href":"https:\/\/www.fewotessin.ch\/de\/wp-json\/wp\/v2\/pages\/10856","targetHints":{"allow":["GET"]}}],"collection":[{"href":"https:\/\/www.fewotessin.ch\/de\/wp-json\/wp\/v2\/pages"}],"about":[{"href":"https:\/\/www.fewotessin.ch\/de\/wp-json\/wp\/v2\/types\/page"}],"author":[{"embeddable":true,"href":"https:\/\/www.fewotessin.ch\/de\/wp-json\/wp\/v2\/users\/1"}],"replies":[{"embeddable":true,"href":"https:\/\/www.fewotessin.ch\/de\/wp-json\/wp\/v2\/comments?post=10856"}],"version-history":[{"count":12,"href":"https:\/\/www.fewotessin.ch\/de\/wp-json\/wp\/v2\/pages\/10856\/revisions"}],"predecessor-version":[{"id":14841,"href":"https:\/\/www.fewotessin.ch\/de\/wp-json\/wp\/v2\/pages\/10856\/revisions\/14841"}],"up":[{"embeddable":true,"href":"https:\/\/www.fewotessin.ch\/de\/wp-json\/wp\/v2\/pages\/9712"}],"wp:attachment":[{"href":"https:\/\/www.fewotessin.ch\/de\/wp-json\/wp\/v2\/media?parent=10856"}],"wp:term":[{"taxonomy":"seitenart","embeddable":true,"href":"https:\/\/www.fewotessin.ch\/de\/wp-json\/wp\/v2\/seitenart?post=10856"}],"curies":[{"name":"wp","href":"https:\/\/api.w.org\/{rel}","templated":true}]}}