{"id":10579,"date":"2025-09-03T13:56:06","date_gmt":"2025-09-03T11:56:06","guid":{"rendered":"https:\/\/www.fewotessin.ch\/?page_id=10579"},"modified":"2025-10-27T15:32:34","modified_gmt":"2025-10-27T14:32:34","slug":"jobs","status":"publish","type":"page","link":"https:\/\/www.fewotessin.ch\/de\/ueber-uns\/jobs\/","title":{"rendered":"Jobs"},"content":{"rendered":"\t\t<div data-elementor-type=\"wp-page\" data-elementor-id=\"10579\" class=\"elementor elementor-10579\" data-elementor-post-type=\"page\">\n\t\t\t\t<div class=\"elementor-element elementor-element-49f18bce e-flex e-con-boxed e-con e-parent\" data-id=\"49f18bce\" data-element_type=\"container\">\n\t\t\t\t\t<div class=\"e-con-inner\">\n\t\t\t\t<div class=\"elementor-element elementor-element-32e9f433 elementor-widget elementor-widget-heading\" data-id=\"32e9f433\" data-element_type=\"widget\" data-widget_type=\"heading.default\">\n\t\t\t\t<div class=\"elementor-widget-container\">\n\t\t\t\t\t<h2 class=\"elementor-heading-title elementor-size-default\">Jobs<\/h2>\t\t\t\t<\/div>\n\t\t\t\t<\/div>\n\t\t\t\t<div class=\"elementor-element elementor-element-24f1a38f elementor-widget elementor-widget-heading\" data-id=\"24f1a38f\" data-element_type=\"widget\" data-widget_type=\"heading.default\">\n\t\t\t\t<div class=\"elementor-widget-container\">\n\t\t\t\t\t<h3 class=\"elementor-heading-title elementor-size-default\">Arbeiten bei fewotessin \u2013 hier z\u00e4hlt Teamgeist<\/h3>\t\t\t\t<\/div>\n\t\t\t\t<\/div>\n\t\t\t\t<div class=\"elementor-element elementor-element-4584897a elementor-widget__width-initial elementor-widget elementor-widget-text-editor\" data-id=\"4584897a\" data-element_type=\"widget\" data-widget_type=\"text-editor.default\">\n\t\t\t\t<div class=\"elementor-widget-container\">\n\t\t\t\t\t\t\t\t\t<p class=\"p1\">Bei uns bist du nicht einfach \u201eeine Nummer\u201c. Wir sind ein starkes Team, das Zusammenhalt lebt, die Du Kultur pflegt und respektvoll miteinander umgeht.<\/p>\n<p>Dazu bieten wir dir:<br><br><\/p>\n<ul class=\"ul1\">\n<li style=\"list-style-type: none;\">\n<ul class=\"ul1\">\n<li class=\"li1\"><b>Faire, zeitgem\u00e4sse L\u00f6hne<\/b><b><\/b><\/li>\n<li class=\"li1\"><b>Gute Sozialversicherungen<\/b><b><\/b><\/li>\n<li class=\"li1\"><b>Regelm\u00e4ssige Info-Events<\/b> f\u00fcr Mitarbeitende<\/li>\n<li class=\"li1\">Ein Arbeitsumfeld, in dem man sich <strong>wohlf\u00fchlt<\/strong> und <strong>gegenseitig<\/strong> unterst\u00fctzt<br><br><\/li>\n<\/ul>\n<\/li>\n<\/ul>\n<p class=\"p1\"><b>Kurz gesagt:<\/b> Bei fewotessin arbeiten heisst, gemeinsam anpacken, sich gegenseitig den R\u00fccken st\u00e4rken und Erfolge feiern \u2013 mitten im sch\u00f6nen Tessin.<\/p>\t\t\t\t\t\t\t\t<\/div>\n\t\t\t\t<\/div>\n\t\t\t\t\t<\/div>\n\t\t\t\t<\/div>\n\t\t<div class=\"elementor-element elementor-element-5ffe99b e-flex e-con-boxed e-con e-parent\" data-id=\"5ffe99b\" data-element_type=\"container\">\n\t\t\t\t\t<div class=\"e-con-inner\">\n\t\t\t\t<div class=\"elementor-element elementor-element-fca737a elementor-widget elementor-widget-heading\" data-id=\"fca737a\" data-element_type=\"widget\" data-widget_type=\"heading.default\">\n\t\t\t\t<div class=\"elementor-widget-container\">\n\t\t\t\t\t<h2 class=\"elementor-heading-title elementor-size-default\">Offene Stellen f\u00fcr die Saison 2026:<\/h2>\t\t\t\t<\/div>\n\t\t\t\t<\/div>\n\t\t\t\t\t<\/div>\n\t\t\t\t<\/div>\n\t\t<div class=\"elementor-element elementor-element-3b0b3e6d e-grid e-con-boxed e-con e-parent\" data-id=\"3b0b3e6d\" data-element_type=\"container\">\n\t\t\t\t\t<div class=\"e-con-inner\">\n\t\t<div class=\"elementor-element elementor-element-74aa3d49 e-con-full e-flex e-con e-child\" data-id=\"74aa3d49\" data-element_type=\"container\">\n\t\t\t\t<div class=\"elementor-element elementor-element-1451808 elementor-widget elementor-widget-image\" data-id=\"1451808\" data-element_type=\"widget\" data-widget_type=\"image.default\">\n\t\t\t\t<div class=\"elementor-widget-container\">\n\t\t\t\t\t\t\t\t\t\t\t\t\t\t\t<img fetchpriority=\"high\" decoding=\"async\" width=\"2560\" height=\"1543\" src=\"https:\/\/www.fewotessin.ch\/wp-content\/uploads\/2025\/10\/shutterstock_2481116979-1-scaled.jpg\" class=\"attachment-large size-large wp-image-12065\" alt=\"\" srcset=\"https:\/\/www.fewotessin.ch\/wp-content\/uploads\/2025\/10\/shutterstock_2481116979-1-scaled.jpg 2560w, https:\/\/www.fewotessin.ch\/wp-content\/uploads\/2025\/10\/shutterstock_2481116979-1-768x463.jpg 768w, https:\/\/www.fewotessin.ch\/wp-content\/uploads\/2025\/10\/shutterstock_2481116979-1-1536x926.jpg 1536w, https:\/\/www.fewotessin.ch\/wp-content\/uploads\/2025\/10\/shutterstock_2481116979-1-2048x1235.jpg 2048w\" sizes=\"(max-width: 2560px) 100vw, 2560px\" \/>\t\t\t\t\t\t\t\t\t\t\t\t\t\t\t<\/div>\n\t\t\t\t<\/div>\n\t\t\t\t<div class=\"elementor-element elementor-element-4703b017 elementor-widget elementor-widget-heading\" data-id=\"4703b017\" data-element_type=\"widget\" data-widget_type=\"heading.default\">\n\t\t\t\t<div class=\"elementor-widget-container\">\n\t\t\t\t\t<h3 class=\"elementor-heading-title elementor-size-default\">Mitarbeiter*in Facility &amp; Care<\/h3>\t\t\t\t<\/div>\n\t\t\t\t<\/div>\n\t\t\t\t<div class=\"elementor-element elementor-element-722360c1 elementor-widget elementor-widget-heading\" data-id=\"722360c1\" data-element_type=\"widget\" data-widget_type=\"heading.default\">\n\t\t\t\t<div class=\"elementor-widget-container\">\n\t\t\t\t\t<div class=\"elementor-heading-title elementor-size-default\">20\u201360% Pensum, Stundenlohn<\/div>\t\t\t\t<\/div>\n\t\t\t\t<\/div>\n\t\t\t\t<\/div>\n\t\t<div class=\"elementor-element elementor-element-66c22848 e-con-full elementor-hidden-desktop elementor-hidden-tablet elementor-hidden-mobile e-flex e-con e-child\" data-id=\"66c22848\" data-element_type=\"container\">\n\t\t\t\t<div class=\"elementor-element elementor-element-174f38c8 elementor-widget elementor-widget-image\" data-id=\"174f38c8\" data-element_type=\"widget\" data-widget_type=\"image.default\">\n\t\t\t\t<div class=\"elementor-widget-container\">\n\t\t\t\t\t\t\t\t\t\t\t\t\t\t\t<img decoding=\"async\" width=\"2560\" height=\"1707\" src=\"https:\/\/www.fewotessin.ch\/wp-content\/uploads\/2025\/10\/22e8e42aabc9fb83c7c9e4d3892ecbf8871f8c5c-scaled.jpg\" class=\"attachment-large size-large wp-image-11412\" alt=\"\" srcset=\"https:\/\/www.fewotessin.ch\/wp-content\/uploads\/2025\/10\/22e8e42aabc9fb83c7c9e4d3892ecbf8871f8c5c-scaled.jpg 2560w, https:\/\/www.fewotessin.ch\/wp-content\/uploads\/2025\/10\/22e8e42aabc9fb83c7c9e4d3892ecbf8871f8c5c-768x512.jpg 768w, https:\/\/www.fewotessin.ch\/wp-content\/uploads\/2025\/10\/22e8e42aabc9fb83c7c9e4d3892ecbf8871f8c5c-1536x1024.jpg 1536w, https:\/\/www.fewotessin.ch\/wp-content\/uploads\/2025\/10\/22e8e42aabc9fb83c7c9e4d3892ecbf8871f8c5c-2048x1366.jpg 2048w\" sizes=\"(max-width: 2560px) 100vw, 2560px\" \/>\t\t\t\t\t\t\t\t\t\t\t\t\t\t\t<\/div>\n\t\t\t\t<\/div>\n\t\t\t\t<div class=\"elementor-element elementor-element-36ae9921 elementor-widget elementor-widget-heading\" data-id=\"36ae9921\" data-element_type=\"widget\" data-widget_type=\"heading.default\">\n\t\t\t\t<div class=\"elementor-widget-container\">\n\t\t\t\t\t<h3 class=\"elementor-heading-title elementor-size-default\">Max Mustermann<\/h3>\t\t\t\t<\/div>\n\t\t\t\t<\/div>\n\t\t\t\t<div class=\"elementor-element elementor-element-7bcc8947 elementor-widget elementor-widget-heading\" data-id=\"7bcc8947\" data-element_type=\"widget\" data-widget_type=\"heading.default\">\n\t\t\t\t<div class=\"elementor-widget-container\">\n\t\t\t\t\t<div class=\"elementor-heading-title elementor-size-default\">Gesch\u00e4ftsf\u00fchrung<\/div>\t\t\t\t<\/div>\n\t\t\t\t<\/div>\n\t\t\t\t<\/div>\n\t\t<div class=\"elementor-element elementor-element-2335d35a e-con-full elementor-hidden-desktop elementor-hidden-tablet elementor-hidden-mobile e-flex e-con e-child\" data-id=\"2335d35a\" data-element_type=\"container\">\n\t\t\t\t<div class=\"elementor-element elementor-element-2dff400 elementor-widget elementor-widget-image\" data-id=\"2dff400\" data-element_type=\"widget\" data-widget_type=\"image.default\">\n\t\t\t\t<div class=\"elementor-widget-container\">\n\t\t\t\t\t\t\t\t\t\t\t\t\t\t\t<img decoding=\"async\" width=\"2560\" height=\"1707\" src=\"https:\/\/www.fewotessin.ch\/wp-content\/uploads\/2025\/10\/22e8e42aabc9fb83c7c9e4d3892ecbf8871f8c5c-scaled.jpg\" class=\"attachment-large size-large wp-image-11412\" alt=\"\" srcset=\"https:\/\/www.fewotessin.ch\/wp-content\/uploads\/2025\/10\/22e8e42aabc9fb83c7c9e4d3892ecbf8871f8c5c-scaled.jpg 2560w, https:\/\/www.fewotessin.ch\/wp-content\/uploads\/2025\/10\/22e8e42aabc9fb83c7c9e4d3892ecbf8871f8c5c-768x512.jpg 768w, https:\/\/www.fewotessin.ch\/wp-content\/uploads\/2025\/10\/22e8e42aabc9fb83c7c9e4d3892ecbf8871f8c5c-1536x1024.jpg 1536w, https:\/\/www.fewotessin.ch\/wp-content\/uploads\/2025\/10\/22e8e42aabc9fb83c7c9e4d3892ecbf8871f8c5c-2048x1366.jpg 2048w\" sizes=\"(max-width: 2560px) 100vw, 2560px\" \/>\t\t\t\t\t\t\t\t\t\t\t\t\t\t\t<\/div>\n\t\t\t\t<\/div>\n\t\t\t\t<div class=\"elementor-element elementor-element-9e28e4e elementor-widget elementor-widget-heading\" data-id=\"9e28e4e\" data-element_type=\"widget\" data-widget_type=\"heading.default\">\n\t\t\t\t<div class=\"elementor-widget-container\">\n\t\t\t\t\t<h3 class=\"elementor-heading-title elementor-size-default\">Max Mustermann<\/h3>\t\t\t\t<\/div>\n\t\t\t\t<\/div>\n\t\t\t\t<div class=\"elementor-element elementor-element-3558839c elementor-widget elementor-widget-heading\" data-id=\"3558839c\" data-element_type=\"widget\" data-widget_type=\"heading.default\">\n\t\t\t\t<div class=\"elementor-widget-container\">\n\t\t\t\t\t<div class=\"elementor-heading-title elementor-size-default\">Gesch\u00e4ftsf\u00fchrung<\/div>\t\t\t\t<\/div>\n\t\t\t\t<\/div>\n\t\t\t\t<\/div>\n\t\t<div class=\"elementor-element elementor-element-3768c8df e-con-full elementor-hidden-desktop elementor-hidden-tablet elementor-hidden-mobile e-flex e-con e-child\" data-id=\"3768c8df\" data-element_type=\"container\">\n\t\t\t\t<div class=\"elementor-element elementor-element-7e56e551 elementor-widget elementor-widget-image\" data-id=\"7e56e551\" data-element_type=\"widget\" data-widget_type=\"image.default\">\n\t\t\t\t<div class=\"elementor-widget-container\">\n\t\t\t\t\t\t\t\t\t\t\t\t\t\t\t<img decoding=\"async\" width=\"2560\" height=\"1707\" src=\"https:\/\/www.fewotessin.ch\/wp-content\/uploads\/2025\/10\/22e8e42aabc9fb83c7c9e4d3892ecbf8871f8c5c-scaled.jpg\" class=\"attachment-large size-large wp-image-11412\" alt=\"\" srcset=\"https:\/\/www.fewotessin.ch\/wp-content\/uploads\/2025\/10\/22e8e42aabc9fb83c7c9e4d3892ecbf8871f8c5c-scaled.jpg 2560w, https:\/\/www.fewotessin.ch\/wp-content\/uploads\/2025\/10\/22e8e42aabc9fb83c7c9e4d3892ecbf8871f8c5c-768x512.jpg 768w, https:\/\/www.fewotessin.ch\/wp-content\/uploads\/2025\/10\/22e8e42aabc9fb83c7c9e4d3892ecbf8871f8c5c-1536x1024.jpg 1536w, https:\/\/www.fewotessin.ch\/wp-content\/uploads\/2025\/10\/22e8e42aabc9fb83c7c9e4d3892ecbf8871f8c5c-2048x1366.jpg 2048w\" sizes=\"(max-width: 2560px) 100vw, 2560px\" \/>\t\t\t\t\t\t\t\t\t\t\t\t\t\t\t<\/div>\n\t\t\t\t<\/div>\n\t\t\t\t<div class=\"elementor-element elementor-element-21361267 elementor-widget elementor-widget-heading\" data-id=\"21361267\" data-element_type=\"widget\" data-widget_type=\"heading.default\">\n\t\t\t\t<div class=\"elementor-widget-container\">\n\t\t\t\t\t<h3 class=\"elementor-heading-title elementor-size-default\">Max Mustermann<\/h3>\t\t\t\t<\/div>\n\t\t\t\t<\/div>\n\t\t\t\t<div class=\"elementor-element elementor-element-1fe98bd0 elementor-widget elementor-widget-heading\" data-id=\"1fe98bd0\" data-element_type=\"widget\" data-widget_type=\"heading.default\">\n\t\t\t\t<div class=\"elementor-widget-container\">\n\t\t\t\t\t<div class=\"elementor-heading-title elementor-size-default\">Gesch\u00e4ftsf\u00fchrung<\/div>\t\t\t\t<\/div>\n\t\t\t\t<\/div>\n\t\t\t\t<\/div>\n\t\t\t\t\t<\/div>\n\t\t\t\t<\/div>\n\t\t<div class=\"elementor-element elementor-element-6eede09 e-flex e-con-boxed e-con e-parent\" data-id=\"6eede09\" data-element_type=\"container\">\n\t\t\t\t\t<div class=\"e-con-inner\">\n\t\t\t\t<div class=\"elementor-element elementor-element-bf7cf31 elementor-widget__width-initial elementor-widget elementor-widget-text-editor\" data-id=\"bf7cf31\" data-element_type=\"widget\" data-widget_type=\"text-editor.default\">\n\t\t\t\t<div class=\"elementor-widget-container\">\n\t\t\t\t\t\t\t\t\tBitte sende uns deinen CV an <a href=\"mailto:info@fewotessin.ch\">info@fewotessin.ch<\/a>.\t\t\t\t\t\t\t\t<\/div>\n\t\t\t\t<\/div>\n\t\t\t\t\t<\/div>\n\t\t\t\t<\/div>\n\t\t\t\t<\/div>\n\t\t","protected":false},"excerpt":{"rendered":"<p>Jobs Arbeiten bei fewotessin \u2013 hier z\u00e4hlt Teamgeist Bei uns bist du nicht einfach \u201eeine Nummer\u201c. Wir sind ein starkes Team, das Zusammenhalt lebt, die Du Kultur pflegt und respektvoll miteinander umgeht. Dazu bieten wir dir: Faire, zeitgem\u00e4sse L\u00f6hne Gute Sozialversicherungen Regelm\u00e4ssige Info-Events f\u00fcr Mitarbeitende Ein Arbeitsumfeld, in dem man sich wohlf\u00fchlt und gegenseitig unterst\u00fctzt [&hellip;]<\/p>\n","protected":false},"author":1,"featured_media":11170,"parent":10572,"menu_order":0,"comment_status":"closed","ping_status":"closed","template":"","meta":{"_acf_changed":false,"footnotes":""},"seitenart":[],"class_list":["post-10579","page","type-page","status-publish","has-post-thumbnail","hentry"],"acf":[],"yoast_head":"<!-- This site is optimized with the Yoast SEO plugin v26.2 - https:\/\/yoast.com\/wordpress\/plugins\/seo\/ -->\n<title>Jobs - Fewotessin<\/title>\n<meta name=\"description\" content=\"Bei fewotessin arbeiten heisst, gemeinsam anpacken, sich gegenseitig den R\u00fccken st\u00e4rken und Erfolge feiern \u2013 mitten im sch\u00f6nen Tessin.\" \/>\n<meta name=\"robots\" content=\"index, follow, max-snippet:-1, max-image-preview:large, max-video-preview:-1\" \/>\n<link rel=\"canonical\" href=\"https:\/\/www.fewotessin.ch\/de\/ueber-uns\/jobs\/\" \/>\n<meta property=\"og:locale\" content=\"de_DE\" \/>\n<meta property=\"og:type\" content=\"article\" \/>\n<meta property=\"og:title\" content=\"Jobs - Fewotessin\" \/>\n<meta property=\"og:description\" content=\"Bei fewotessin arbeiten heisst, gemeinsam anpacken, sich gegenseitig den R\u00fccken st\u00e4rken und Erfolge feiern \u2013 mitten im sch\u00f6nen Tessin.\" \/>\n<meta property=\"og:url\" content=\"https:\/\/www.fewotessin.ch\/de\/ueber-uns\/jobs\/\" \/>\n<meta property=\"og:site_name\" content=\"Fewotessin\" \/>\n<meta property=\"article:modified_time\" content=\"2025-10-27T14:32:34+00:00\" \/>\n<meta property=\"og:image\" content=\"https:\/\/www.fewotessin.ch\/wp-content\/uploads\/2025\/10\/Inhaltsseite_Jobs_Wir-suchen-Dich-scaled-e1760174566657.jpg\" \/>\n\t<meta property=\"og:image:width\" content=\"2560\" \/>\n\t<meta property=\"og:image:height\" content=\"1067\" \/>\n\t<meta property=\"og:image:type\" content=\"image\/jpeg\" \/>\n<meta name=\"twitter:card\" content=\"summary_large_image\" \/>\n<meta name=\"twitter:label1\" content=\"Gesch\u00e4tzte Lesezeit\" \/>\n\t<meta name=\"twitter:data1\" content=\"2\u00a0Minuten\" \/>\n<script type=\"application\/ld+json\" class=\"yoast-schema-graph\">{\"@context\":\"https:\/\/schema.org\",\"@graph\":[{\"@type\":\"WebPage\",\"@id\":\"https:\/\/www.fewotessin.ch\/de\/ueber-uns\/jobs\/\",\"url\":\"https:\/\/www.fewotessin.ch\/de\/ueber-uns\/jobs\/\",\"name\":\"Jobs - Fewotessin\",\"isPartOf\":{\"@id\":\"https:\/\/www.fewotessin.ch\/de\/#website\"},\"primaryImageOfPage\":{\"@id\":\"https:\/\/www.fewotessin.ch\/de\/ueber-uns\/jobs\/#primaryimage\"},\"image\":{\"@id\":\"https:\/\/www.fewotessin.ch\/de\/ueber-uns\/jobs\/#primaryimage\"},\"thumbnailUrl\":\"https:\/\/www.fewotessin.ch\/wp-content\/uploads\/2025\/10\/Inhaltsseite_Jobs_Wir-suchen-Dich-scaled-e1760174566657.jpg\",\"datePublished\":\"2025-09-03T11:56:06+00:00\",\"dateModified\":\"2025-10-27T14:32:34+00:00\",\"description\":\"Bei fewotessin arbeiten heisst, gemeinsam anpacken, sich gegenseitig den R\u00fccken st\u00e4rken und Erfolge feiern \u2013 mitten im sch\u00f6nen Tessin.\",\"breadcrumb\":{\"@id\":\"https:\/\/www.fewotessin.ch\/de\/ueber-uns\/jobs\/#breadcrumb\"},\"inLanguage\":\"de\",\"potentialAction\":[{\"@type\":\"ReadAction\",\"target\":[\"https:\/\/www.fewotessin.ch\/de\/ueber-uns\/jobs\/\"]}]},{\"@type\":\"ImageObject\",\"inLanguage\":\"de\",\"@id\":\"https:\/\/www.fewotessin.ch\/de\/ueber-uns\/jobs\/#primaryimage\",\"url\":\"https:\/\/www.fewotessin.ch\/wp-content\/uploads\/2025\/10\/Inhaltsseite_Jobs_Wir-suchen-Dich-scaled-e1760174566657.jpg\",\"contentUrl\":\"https:\/\/www.fewotessin.ch\/wp-content\/uploads\/2025\/10\/Inhaltsseite_Jobs_Wir-suchen-Dich-scaled-e1760174566657.jpg\",\"width\":2560,\"height\":1067},{\"@type\":\"BreadcrumbList\",\"@id\":\"https:\/\/www.fewotessin.ch\/de\/ueber-uns\/jobs\/#breadcrumb\",\"itemListElement\":[{\"@type\":\"ListItem\",\"position\":1,\"name\":\"Startseite\",\"item\":\"https:\/\/www.fewotessin.ch\/de\/\"},{\"@type\":\"ListItem\",\"position\":2,\"name\":\"\u00dcber uns\",\"item\":\"https:\/\/www.fewotessin.ch\/de\/ueber-uns\/\"},{\"@type\":\"ListItem\",\"position\":3,\"name\":\"Jobs\"}]},{\"@type\":\"WebSite\",\"@id\":\"https:\/\/www.fewotessin.ch\/de\/#website\",\"url\":\"https:\/\/www.fewotessin.ch\/de\/\",\"name\":\"Fewotessin\",\"description\":\"\",\"publisher\":{\"@id\":\"https:\/\/www.fewotessin.ch\/de\/#organization\"},\"potentialAction\":[{\"@type\":\"SearchAction\",\"target\":{\"@type\":\"EntryPoint\",\"urlTemplate\":\"https:\/\/www.fewotessin.ch\/de\/?s={search_term_string}\"},\"query-input\":{\"@type\":\"PropertyValueSpecification\",\"valueRequired\":true,\"valueName\":\"search_term_string\"}}],\"inLanguage\":\"de\"},{\"@type\":\"Organization\",\"@id\":\"https:\/\/www.fewotessin.ch\/de\/#organization\",\"name\":\"Fewotessin\",\"url\":\"https:\/\/www.fewotessin.ch\/de\/\",\"logo\":{\"@type\":\"ImageObject\",\"inLanguage\":\"de\",\"@id\":\"https:\/\/www.fewotessin.ch\/de\/#\/schema\/logo\/image\/\",\"url\":\"https:\/\/www.fewotessin.ch\/wp-content\/uploads\/2025\/08\/fewotessin_Logo.png\",\"contentUrl\":\"https:\/\/www.fewotessin.ch\/wp-content\/uploads\/2025\/08\/fewotessin_Logo.png\",\"width\":791,\"height\":133,\"caption\":\"Fewotessin\"},\"image\":{\"@id\":\"https:\/\/www.fewotessin.ch\/de\/#\/schema\/logo\/image\/\"}}]}<\/script>\n<!-- \/ Yoast SEO plugin. -->","yoast_head_json":{"title":"Jobs - Fewotessin","description":"Bei fewotessin arbeiten heisst, gemeinsam anpacken, sich gegenseitig den R\u00fccken st\u00e4rken und Erfolge feiern \u2013 mitten im sch\u00f6nen Tessin.","robots":{"index":"index","follow":"follow","max-snippet":"max-snippet:-1","max-image-preview":"max-image-preview:large","max-video-preview":"max-video-preview:-1"},"canonical":"https:\/\/www.fewotessin.ch\/de\/ueber-uns\/jobs\/","og_locale":"de_DE","og_type":"article","og_title":"Jobs - Fewotessin","og_description":"Bei fewotessin arbeiten heisst, gemeinsam anpacken, sich gegenseitig den R\u00fccken st\u00e4rken und Erfolge feiern \u2013 mitten im sch\u00f6nen Tessin.","og_url":"https:\/\/www.fewotessin.ch\/de\/ueber-uns\/jobs\/","og_site_name":"Fewotessin","article_modified_time":"2025-10-27T14:32:34+00:00","og_image":[{"width":2560,"height":1067,"url":"https:\/\/www.fewotessin.ch\/wp-content\/uploads\/2025\/10\/Inhaltsseite_Jobs_Wir-suchen-Dich-scaled-e1760174566657.jpg","type":"image\/jpeg"}],"twitter_card":"summary_large_image","twitter_misc":{"Gesch\u00e4tzte Lesezeit":"2\u00a0Minuten"},"schema":{"@context":"https:\/\/schema.org","@graph":[{"@type":"WebPage","@id":"https:\/\/www.fewotessin.ch\/de\/ueber-uns\/jobs\/","url":"https:\/\/www.fewotessin.ch\/de\/ueber-uns\/jobs\/","name":"Jobs - Fewotessin","isPartOf":{"@id":"https:\/\/www.fewotessin.ch\/de\/#website"},"primaryImageOfPage":{"@id":"https:\/\/www.fewotessin.ch\/de\/ueber-uns\/jobs\/#primaryimage"},"image":{"@id":"https:\/\/www.fewotessin.ch\/de\/ueber-uns\/jobs\/#primaryimage"},"thumbnailUrl":"https:\/\/www.fewotessin.ch\/wp-content\/uploads\/2025\/10\/Inhaltsseite_Jobs_Wir-suchen-Dich-scaled-e1760174566657.jpg","datePublished":"2025-09-03T11:56:06+00:00","dateModified":"2025-10-27T14:32:34+00:00","description":"Bei fewotessin arbeiten heisst, gemeinsam anpacken, sich gegenseitig den R\u00fccken st\u00e4rken und Erfolge feiern \u2013 mitten im sch\u00f6nen Tessin.","breadcrumb":{"@id":"https:\/\/www.fewotessin.ch\/de\/ueber-uns\/jobs\/#breadcrumb"},"inLanguage":"de","potentialAction":[{"@type":"ReadAction","target":["https:\/\/www.fewotessin.ch\/de\/ueber-uns\/jobs\/"]}]},{"@type":"ImageObject","inLanguage":"de","@id":"https:\/\/www.fewotessin.ch\/de\/ueber-uns\/jobs\/#primaryimage","url":"https:\/\/www.fewotessin.ch\/wp-content\/uploads\/2025\/10\/Inhaltsseite_Jobs_Wir-suchen-Dich-scaled-e1760174566657.jpg","contentUrl":"https:\/\/www.fewotessin.ch\/wp-content\/uploads\/2025\/10\/Inhaltsseite_Jobs_Wir-suchen-Dich-scaled-e1760174566657.jpg","width":2560,"height":1067},{"@type":"BreadcrumbList","@id":"https:\/\/www.fewotessin.ch\/de\/ueber-uns\/jobs\/#breadcrumb","itemListElement":[{"@type":"ListItem","position":1,"name":"Startseite","item":"https:\/\/www.fewotessin.ch\/de\/"},{"@type":"ListItem","position":2,"name":"\u00dcber uns","item":"https:\/\/www.fewotessin.ch\/de\/ueber-uns\/"},{"@type":"ListItem","position":3,"name":"Jobs"}]},{"@type":"WebSite","@id":"https:\/\/www.fewotessin.ch\/de\/#website","url":"https:\/\/www.fewotessin.ch\/de\/","name":"Fewotessin","description":"","publisher":{"@id":"https:\/\/www.fewotessin.ch\/de\/#organization"},"potentialAction":[{"@type":"SearchAction","target":{"@type":"EntryPoint","urlTemplate":"https:\/\/www.fewotessin.ch\/de\/?s={search_term_string}"},"query-input":{"@type":"PropertyValueSpecification","valueRequired":true,"valueName":"search_term_string"}}],"inLanguage":"de"},{"@type":"Organization","@id":"https:\/\/www.fewotessin.ch\/de\/#organization","name":"Fewotessin","url":"https:\/\/www.fewotessin.ch\/de\/","logo":{"@type":"ImageObject","inLanguage":"de","@id":"https:\/\/www.fewotessin.ch\/de\/#\/schema\/logo\/image\/","url":"https:\/\/www.fewotessin.ch\/wp-content\/uploads\/2025\/08\/fewotessin_Logo.png","contentUrl":"https:\/\/www.fewotessin.ch\/wp-content\/uploads\/2025\/08\/fewotessin_Logo.png","width":791,"height":133,"caption":"Fewotessin"},"image":{"@id":"https:\/\/www.fewotessin.ch\/de\/#\/schema\/logo\/image\/"}}]}},"_links":{"self":[{"href":"https:\/\/www.fewotessin.ch\/de\/wp-json\/wp\/v2\/pages\/10579","targetHints":{"allow":["GET"]}}],"collection":[{"href":"https:\/\/www.fewotessin.ch\/de\/wp-json\/wp\/v2\/pages"}],"about":[{"href":"https:\/\/www.fewotessin.ch\/de\/wp-json\/wp\/v2\/types\/page"}],"author":[{"embeddable":true,"href":"https:\/\/www.fewotessin.ch\/de\/wp-json\/wp\/v2\/users\/1"}],"replies":[{"embeddable":true,"href":"https:\/\/www.fewotessin.ch\/de\/wp-json\/wp\/v2\/comments?post=10579"}],"version-history":[{"count":30,"href":"https:\/\/www.fewotessin.ch\/de\/wp-json\/wp\/v2\/pages\/10579\/revisions"}],"predecessor-version":[{"id":12575,"href":"https:\/\/www.fewotessin.ch\/de\/wp-json\/wp\/v2\/pages\/10579\/revisions\/12575"}],"up":[{"embeddable":true,"href":"https:\/\/www.fewotessin.ch\/de\/wp-json\/wp\/v2\/pages\/10572"}],"wp:featuredmedia":[{"embeddable":true,"href":"https:\/\/www.fewotessin.ch\/de\/wp-json\/wp\/v2\/media\/11170"}],"wp:attachment":[{"href":"https:\/\/www.fewotessin.ch\/de\/wp-json\/wp\/v2\/media?parent=10579"}],"wp:term":[{"taxonomy":"seitenart","embeddable":true,"href":"https:\/\/www.fewotessin.ch\/de\/wp-json\/wp\/v2\/seitenart?post=10579"}],"curies":[{"name":"wp","href":"https:\/\/api.w.org\/{rel}","templated":true}]}}