{"id":10572,"date":"2025-09-03T13:54:22","date_gmt":"2025-09-03T11:54:22","guid":{"rendered":"https:\/\/www.fewotessin.ch\/?page_id=10572"},"modified":"2025-10-27T17:14:38","modified_gmt":"2025-10-27T16:14:38","slug":"ueber-uns","status":"publish","type":"page","link":"https:\/\/www.fewotessin.ch\/de\/ueber-uns\/","title":{"rendered":"\u00dcber uns"},"content":{"rendered":"\t\t<div data-elementor-type=\"wp-page\" data-elementor-id=\"10572\" class=\"elementor elementor-10572\" data-elementor-post-type=\"page\">\n\t\t\t\t<div class=\"elementor-element elementor-element-487d0413 e-flex e-con-boxed e-con e-parent\" data-id=\"487d0413\" data-element_type=\"container\">\n\t\t\t\t\t<div class=\"e-con-inner\">\n\t\t\t\t<div class=\"elementor-element elementor-element-7bf74cee elementor-widget elementor-widget-heading\" data-id=\"7bf74cee\" data-element_type=\"widget\" data-widget_type=\"heading.default\">\n\t\t\t\t<div class=\"elementor-widget-container\">\n\t\t\t\t\t<h2 class=\"elementor-heading-title elementor-size-default\">Unternehmen<\/h2>\t\t\t\t<\/div>\n\t\t\t\t<\/div>\n\t\t\t\t<div class=\"elementor-element elementor-element-fea4621 elementor-widget elementor-widget-heading\" data-id=\"fea4621\" data-element_type=\"widget\" data-widget_type=\"heading.default\">\n\t\t\t\t<div class=\"elementor-widget-container\">\n\t\t\t\t\t<h3 class=\"elementor-heading-title elementor-size-default\">fewotessin \u2013 Ihr Partner im Tessin   \n<\/h3>\t\t\t\t<\/div>\n\t\t\t\t<\/div>\n\t\t\t\t<div class=\"elementor-element elementor-element-76b2604a elementor-widget__width-initial elementor-widget elementor-widget-text-editor\" data-id=\"76b2604a\" data-element_type=\"widget\" data-widget_type=\"text-editor.default\">\n\t\t\t\t<div class=\"elementor-widget-container\">\n\t\t\t\t\t\t\t\t\t<p>Was <strong>1998<\/strong> mit einer einfachen Idee begann: Eigent\u00fcmern von Ferienobjekten im Tessin ein Rundum-sorglos-Paket zu bieten: von der Vermietung \u00fcber die G\u00e4stebetreuung bis hin zu Reinigung und W\u00e4scheservice.<br \/><br \/><\/p><p>Was klein startete \u2013 mit der Vermietung einzelner Feriendomizile und einem zuverl\u00e4ssigen Reinigungs- und W\u00e4scheservice \u2013 ist heute ein umfassender Dienstleister rund um Ferienimmobilien.<br \/><br \/><\/p><p><strong>2025<\/strong> weht frischer Wind: ein modernes Logo, neue Farben, eine \u00fcberarbeitete Website und neue Gesichter. Gleichzeitig erweitern wir unser Angebot \u2013 mit <strong>Immobilien<\/strong>-\/ <strong>Treuhanddienstleistungen<\/strong>.<br \/><br \/><\/p><p>Wir verbinden Erfahrung mit neuen Ideen und entwickeln uns stetig weiter.<br \/>fewotessin \u2013 schafft Vertrauen, das tr\u00e4gt.<\/p>\t\t\t\t\t\t\t\t<\/div>\n\t\t\t\t<\/div>\n\t\t\t\t\t<\/div>\n\t\t\t\t<\/div>\n\t\t<div class=\"elementor-element elementor-element-4b90961b e-flex e-con-boxed e-con e-parent\" data-id=\"4b90961b\" data-element_type=\"container\">\n\t\t\t\t\t<div class=\"e-con-inner\">\n\t\t<div class=\"elementor-element elementor-element-69a5432c e-con-full e-flex e-con e-child\" data-id=\"69a5432c\" data-element_type=\"container\">\n\t\t\t\t<div class=\"elementor-element elementor-element-17b5df97 elementor-widget elementor-widget-image\" data-id=\"17b5df97\" data-element_type=\"widget\" data-widget_type=\"image.default\">\n\t\t\t\t<div class=\"elementor-widget-container\">\n\t\t\t\t\t\t\t\t\t\t\t\t\t\t\t<img fetchpriority=\"high\" decoding=\"async\" width=\"2560\" height=\"1543\" src=\"https:\/\/www.fewotessin.ch\/wp-content\/uploads\/2025\/10\/shutterstock_2481116979-1-scaled.jpg\" class=\"attachment-large size-large wp-image-12065\" alt=\"\" srcset=\"https:\/\/www.fewotessin.ch\/wp-content\/uploads\/2025\/10\/shutterstock_2481116979-1-scaled.jpg 2560w, https:\/\/www.fewotessin.ch\/wp-content\/uploads\/2025\/10\/shutterstock_2481116979-1-768x463.jpg 768w, https:\/\/www.fewotessin.ch\/wp-content\/uploads\/2025\/10\/shutterstock_2481116979-1-1536x926.jpg 1536w, https:\/\/www.fewotessin.ch\/wp-content\/uploads\/2025\/10\/shutterstock_2481116979-1-2048x1235.jpg 2048w\" sizes=\"(max-width: 2560px) 100vw, 2560px\" \/>\t\t\t\t\t\t\t\t\t\t\t\t\t\t\t<\/div>\n\t\t\t\t<\/div>\n\t\t\t\t<\/div>\n\t\t<div class=\"elementor-element elementor-element-7953503e e-con-full e-flex e-con e-child\" data-id=\"7953503e\" data-element_type=\"container\">\n\t\t\t\t<div class=\"elementor-element elementor-element-66a671be elementor-hidden-desktop elementor-hidden-tablet elementor-hidden-mobile elementor-widget elementor-widget-heading\" data-id=\"66a671be\" data-element_type=\"widget\" data-widget_type=\"heading.default\">\n\t\t\t\t<div class=\"elementor-widget-container\">\n\t\t\t\t\t<h2 class=\"elementor-heading-title elementor-size-default\">fewotessin<\/h2>\t\t\t\t<\/div>\n\t\t\t\t<\/div>\n\t\t\t\t<div class=\"elementor-element elementor-element-64d7cbda elementor-widget elementor-widget-heading\" data-id=\"64d7cbda\" data-element_type=\"widget\" data-widget_type=\"heading.default\">\n\t\t\t\t<div class=\"elementor-widget-container\">\n\t\t\t\t\t<h3 class=\"elementor-heading-title elementor-size-default\">Was uns ausmacht<\/h3>\t\t\t\t<\/div>\n\t\t\t\t<\/div>\n\t\t\t\t<div class=\"elementor-element elementor-element-24157684 elementor-widget elementor-widget-text-editor\" data-id=\"24157684\" data-element_type=\"widget\" data-widget_type=\"text-editor.default\">\n\t\t\t\t<div class=\"elementor-widget-container\">\n\t\t\t\t\t\t\t\t\t<ul>\n<li>Feriendomizile \u2013 Wir k\u00fcmmern uns um alles, damit G\u00e4ste sich wie zuhause f\u00fchlen.<\/li>\n<li>Facility Management \u2013 Rundum-Pflege f\u00fcr Ihr Objekt, von der Technik bis zur Sauberkeit f\u00fcr unsere Eigent\u00fcmer<\/li>\n<li>Immobilien- und Treuhanddienstleistungen<br><br><\/li>\n<\/ul>\n<p>Das fewotessin-Team mit engagierten Mitarbeitenden ist 365 Tage im Jahr im Einsatz, tief verwurzelt hier im Tessin. Wir begleiten Sie mit Fachwissen, Effizienz und echter Begeisterung. Unser ganzheitlicher Service umfasst auch umfassendes Facilitymanagement sowie treuh\u00e4nderische Aufgaben aus einer Hand.<\/p>\t\t\t\t\t\t\t\t<\/div>\n\t\t\t\t<\/div>\n\t\t\t\t<div class=\"elementor-element elementor-element-12755bb3 beon-button-hover elementor-hidden-desktop elementor-hidden-tablet elementor-hidden-mobile elementor-widget elementor-widget-button\" data-id=\"12755bb3\" data-element_type=\"widget\" data-widget_type=\"button.default\">\n\t\t\t\t<div class=\"elementor-widget-container\">\n\t\t\t\t\t\t\t\t\t<div class=\"elementor-button-wrapper\">\n\t\t\t\t\t<a class=\"elementor-button elementor-button-link elementor-size-sm\" href=\"#\">\n\t\t\t\t\t\t<span class=\"elementor-button-content-wrapper\">\n\t\t\t\t\t\t<span class=\"elementor-button-icon\">\n\t\t\t\t<svg aria-hidden=\"true\" class=\"e-font-icon-svg e-fas-angle-right\" viewBox=\"0 0 256 512\" xmlns=\"http:\/\/www.w3.org\/2000\/svg\"><path d=\"M224.3 273l-136 136c-9.4 9.4-24.6 9.4-33.9 0l-22.6-22.6c-9.4-9.4-9.4-24.6 0-33.9l96.4-96.4-96.4-96.4c-9.4-9.4-9.4-24.6 0-33.9L54.3 103c9.4-9.4 24.6-9.4 33.9 0l136 136c9.5 9.4 9.5 24.6.1 34z\"><\/path><\/svg>\t\t\t<\/span>\n\t\t\t\t\t\t\t\t\t<span class=\"elementor-button-text\">Unterk\u00fcnfte entdecken<\/span>\n\t\t\t\t\t<\/span>\n\t\t\t\t\t<\/a>\n\t\t\t\t<\/div>\n\t\t\t\t\t\t\t\t<\/div>\n\t\t\t\t<\/div>\n\t\t\t\t<\/div>\n\t\t\t\t\t<\/div>\n\t\t\t\t<\/div>\n\t\t<div class=\"elementor-element elementor-element-417f8b98 e-flex e-con-boxed e-con e-parent\" data-id=\"417f8b98\" data-element_type=\"container\">\n\t\t\t\t\t<div class=\"e-con-inner\">\n\t\t<div class=\"elementor-element elementor-element-26b54907 e-con-full e-flex e-con e-child\" data-id=\"26b54907\" data-element_type=\"container\">\n\t\t\t\t<div class=\"elementor-element elementor-element-263dfa7a elementor-hidden-desktop elementor-hidden-tablet elementor-hidden-mobile elementor-widget elementor-widget-heading\" data-id=\"263dfa7a\" data-element_type=\"widget\" data-widget_type=\"heading.default\">\n\t\t\t\t<div class=\"elementor-widget-container\">\n\t\t\t\t\t<h2 class=\"elementor-heading-title elementor-size-default\">Ascona<\/h2>\t\t\t\t<\/div>\n\t\t\t\t<\/div>\n\t\t\t\t<div class=\"elementor-element elementor-element-460e28c1 elementor-widget elementor-widget-heading\" data-id=\"460e28c1\" data-element_type=\"widget\" data-widget_type=\"heading.default\">\n\t\t\t\t<div class=\"elementor-widget-container\">\n\t\t\t\t\t<h3 class=\"elementor-heading-title elementor-size-default\">Unsere Vision<\/h3>\t\t\t\t<\/div>\n\t\t\t\t<\/div>\n\t\t\t\t<div class=\"elementor-element elementor-element-73cb2579 elementor-widget elementor-widget-text-editor\" data-id=\"73cb2579\" data-element_type=\"widget\" data-widget_type=\"text-editor.default\">\n\t\t\t\t<div class=\"elementor-widget-container\">\n\t\t\t\t\t\t\t\t\t<p class=\"p1\">Am Puls der Zeit bleiben, Trends aufgreifen und dabei stets unsere Werte leben: h\u00f6chste Servicequalit\u00e4t, ein breites Angebot aus einer Hand und ein klares Ziel \u2013 das Beste f\u00fcr unsere G\u00e4ste und Eigent\u00fcmer.<br \/><br \/><\/p><p class=\"p1\">Mit fewotessin entscheiden Sie sich f\u00fcr Herzlichkeit, Professionalit\u00e4t und Tessiner Lebensgef\u00fchl mit einer Prise Charme und Humor.<\/p>\t\t\t\t\t\t\t\t<\/div>\n\t\t\t\t<\/div>\n\t\t\t\t<div class=\"elementor-element elementor-element-603cd0b4 beon-button-hover elementor-hidden-desktop elementor-hidden-tablet elementor-hidden-mobile elementor-widget elementor-widget-button\" data-id=\"603cd0b4\" data-element_type=\"widget\" data-widget_type=\"button.default\">\n\t\t\t\t<div class=\"elementor-widget-container\">\n\t\t\t\t\t\t\t\t\t<div class=\"elementor-button-wrapper\">\n\t\t\t\t\t<a class=\"elementor-button elementor-button-link elementor-size-sm\" href=\"#\">\n\t\t\t\t\t\t<span class=\"elementor-button-content-wrapper\">\n\t\t\t\t\t\t<span class=\"elementor-button-icon\">\n\t\t\t\t<svg aria-hidden=\"true\" class=\"e-font-icon-svg e-fas-angle-right\" viewBox=\"0 0 256 512\" xmlns=\"http:\/\/www.w3.org\/2000\/svg\"><path d=\"M224.3 273l-136 136c-9.4 9.4-24.6 9.4-33.9 0l-22.6-22.6c-9.4-9.4-9.4-24.6 0-33.9l96.4-96.4-96.4-96.4c-9.4-9.4-9.4-24.6 0-33.9L54.3 103c9.4-9.4 24.6-9.4 33.9 0l136 136c9.5 9.4 9.5 24.6.1 34z\"><\/path><\/svg>\t\t\t<\/span>\n\t\t\t\t\t\t\t\t\t<span class=\"elementor-button-text\">Unterk\u00fcnfte entdecken<\/span>\n\t\t\t\t\t<\/span>\n\t\t\t\t\t<\/a>\n\t\t\t\t<\/div>\n\t\t\t\t\t\t\t\t<\/div>\n\t\t\t\t<\/div>\n\t\t\t\t<\/div>\n\t\t<div class=\"elementor-element elementor-element-1ed496a8 e-con-full e-flex e-con e-child\" data-id=\"1ed496a8\" data-element_type=\"container\">\n\t\t\t\t<div class=\"elementor-element elementor-element-603ac08c elementor-widget elementor-widget-image\" data-id=\"603ac08c\" data-element_type=\"widget\" data-widget_type=\"image.default\">\n\t\t\t\t<div class=\"elementor-widget-container\">\n\t\t\t\t\t\t\t\t\t\t\t\t\t\t\t<img decoding=\"async\" width=\"2560\" height=\"1714\" src=\"https:\/\/www.fewotessin.ch\/wp-content\/uploads\/2025\/10\/shutterstock_2475777367-1-scaled.jpg\" class=\"attachment-large size-large wp-image-12068\" alt=\"\" srcset=\"https:\/\/www.fewotessin.ch\/wp-content\/uploads\/2025\/10\/shutterstock_2475777367-1-scaled.jpg 2560w, https:\/\/www.fewotessin.ch\/wp-content\/uploads\/2025\/10\/shutterstock_2475777367-1-768x514.jpg 768w, https:\/\/www.fewotessin.ch\/wp-content\/uploads\/2025\/10\/shutterstock_2475777367-1-1536x1028.jpg 1536w, https:\/\/www.fewotessin.ch\/wp-content\/uploads\/2025\/10\/shutterstock_2475777367-1-2048x1371.jpg 2048w\" sizes=\"(max-width: 2560px) 100vw, 2560px\" \/>\t\t\t\t\t\t\t\t\t\t\t\t\t\t\t<\/div>\n\t\t\t\t<\/div>\n\t\t\t\t<\/div>\n\t\t\t\t\t<\/div>\n\t\t\t\t<\/div>\n\t\t\t\t<\/div>\n\t\t","protected":false},"excerpt":{"rendered":"<p>Unternehmen fewotessin \u2013 Ihr Partner im Tessin Was 1998 mit einer einfachen Idee begann: Eigent\u00fcmern von Ferienobjekten im Tessin ein Rundum-sorglos-Paket zu bieten: von der Vermietung \u00fcber die G\u00e4stebetreuung bis hin zu Reinigung und W\u00e4scheservice. Was klein startete \u2013 mit der Vermietung einzelner Feriendomizile und einem zuverl\u00e4ssigen Reinigungs- und W\u00e4scheservice \u2013 ist heute ein umfassender [&hellip;]<\/p>\n","protected":false},"author":1,"featured_media":12062,"parent":0,"menu_order":0,"comment_status":"closed","ping_status":"closed","template":"","meta":{"_acf_changed":false,"footnotes":""},"seitenart":[],"class_list":["post-10572","page","type-page","status-publish","has-post-thumbnail","hentry"],"acf":[],"yoast_head":"<!-- This site is optimized with the Yoast SEO plugin v26.2 - https:\/\/yoast.com\/wordpress\/plugins\/seo\/ -->\n<title>\u00dcber uns - Fewotessin<\/title>\n<meta name=\"description\" content=\"fewotessin \u2013 Ihr Partner im Tessin f\u00fcr Ferienvermietung, Facility Management, Immobilien- und Treuhanddienstleistungen\" \/>\n<meta name=\"robots\" content=\"index, follow, max-snippet:-1, max-image-preview:large, max-video-preview:-1\" \/>\n<link rel=\"canonical\" href=\"https:\/\/www.fewotessin.ch\/de\/ueber-uns\/\" \/>\n<meta property=\"og:locale\" content=\"de_DE\" \/>\n<meta property=\"og:type\" content=\"article\" \/>\n<meta property=\"og:title\" content=\"\u00dcber uns - Fewotessin\" \/>\n<meta property=\"og:description\" content=\"fewotessin \u2013 Ihr Partner im Tessin f\u00fcr Ferienvermietung, Facility Management, Immobilien- und Treuhanddienstleistungen\" \/>\n<meta property=\"og:url\" content=\"https:\/\/www.fewotessin.ch\/de\/ueber-uns\/\" \/>\n<meta property=\"og:site_name\" content=\"Fewotessin\" \/>\n<meta property=\"article:modified_time\" content=\"2025-10-27T16:14:38+00:00\" \/>\n<meta property=\"og:image\" content=\"https:\/\/www.fewotessin.ch\/wp-content\/uploads\/2025\/10\/shutterstock_2428516505-1-scaled.jpg\" \/>\n\t<meta property=\"og:image:width\" content=\"2560\" \/>\n\t<meta property=\"og:image:height\" content=\"1234\" \/>\n\t<meta property=\"og:image:type\" content=\"image\/jpeg\" \/>\n<meta name=\"twitter:card\" content=\"summary_large_image\" \/>\n<meta name=\"twitter:label1\" content=\"Gesch\u00e4tzte Lesezeit\" \/>\n\t<meta name=\"twitter:data1\" content=\"2\u00a0Minuten\" \/>\n<script type=\"application\/ld+json\" class=\"yoast-schema-graph\">{\"@context\":\"https:\/\/schema.org\",\"@graph\":[{\"@type\":\"WebPage\",\"@id\":\"https:\/\/www.fewotessin.ch\/de\/ueber-uns\/\",\"url\":\"https:\/\/www.fewotessin.ch\/de\/ueber-uns\/\",\"name\":\"\u00dcber uns - Fewotessin\",\"isPartOf\":{\"@id\":\"https:\/\/www.fewotessin.ch\/de\/#website\"},\"primaryImageOfPage\":{\"@id\":\"https:\/\/www.fewotessin.ch\/de\/ueber-uns\/#primaryimage\"},\"image\":{\"@id\":\"https:\/\/www.fewotessin.ch\/de\/ueber-uns\/#primaryimage\"},\"thumbnailUrl\":\"https:\/\/www.fewotessin.ch\/wp-content\/uploads\/2025\/10\/shutterstock_2428516505-1-scaled.jpg\",\"datePublished\":\"2025-09-03T11:54:22+00:00\",\"dateModified\":\"2025-10-27T16:14:38+00:00\",\"description\":\"fewotessin \u2013 Ihr Partner im Tessin f\u00fcr Ferienvermietung, Facility Management, Immobilien- und Treuhanddienstleistungen\",\"breadcrumb\":{\"@id\":\"https:\/\/www.fewotessin.ch\/de\/ueber-uns\/#breadcrumb\"},\"inLanguage\":\"de\",\"potentialAction\":[{\"@type\":\"ReadAction\",\"target\":[\"https:\/\/www.fewotessin.ch\/de\/ueber-uns\/\"]}]},{\"@type\":\"ImageObject\",\"inLanguage\":\"de\",\"@id\":\"https:\/\/www.fewotessin.ch\/de\/ueber-uns\/#primaryimage\",\"url\":\"https:\/\/www.fewotessin.ch\/wp-content\/uploads\/2025\/10\/shutterstock_2428516505-1-scaled.jpg\",\"contentUrl\":\"https:\/\/www.fewotessin.ch\/wp-content\/uploads\/2025\/10\/shutterstock_2428516505-1-scaled.jpg\",\"width\":2560,\"height\":1234},{\"@type\":\"BreadcrumbList\",\"@id\":\"https:\/\/www.fewotessin.ch\/de\/ueber-uns\/#breadcrumb\",\"itemListElement\":[{\"@type\":\"ListItem\",\"position\":1,\"name\":\"Startseite\",\"item\":\"https:\/\/www.fewotessin.ch\/de\/\"},{\"@type\":\"ListItem\",\"position\":2,\"name\":\"\u00dcber uns\"}]},{\"@type\":\"WebSite\",\"@id\":\"https:\/\/www.fewotessin.ch\/de\/#website\",\"url\":\"https:\/\/www.fewotessin.ch\/de\/\",\"name\":\"Fewotessin\",\"description\":\"\",\"publisher\":{\"@id\":\"https:\/\/www.fewotessin.ch\/de\/#organization\"},\"potentialAction\":[{\"@type\":\"SearchAction\",\"target\":{\"@type\":\"EntryPoint\",\"urlTemplate\":\"https:\/\/www.fewotessin.ch\/de\/?s={search_term_string}\"},\"query-input\":{\"@type\":\"PropertyValueSpecification\",\"valueRequired\":true,\"valueName\":\"search_term_string\"}}],\"inLanguage\":\"de\"},{\"@type\":\"Organization\",\"@id\":\"https:\/\/www.fewotessin.ch\/de\/#organization\",\"name\":\"Fewotessin\",\"url\":\"https:\/\/www.fewotessin.ch\/de\/\",\"logo\":{\"@type\":\"ImageObject\",\"inLanguage\":\"de\",\"@id\":\"https:\/\/www.fewotessin.ch\/de\/#\/schema\/logo\/image\/\",\"url\":\"https:\/\/www.fewotessin.ch\/wp-content\/uploads\/2025\/08\/fewotessin_Logo.png\",\"contentUrl\":\"https:\/\/www.fewotessin.ch\/wp-content\/uploads\/2025\/08\/fewotessin_Logo.png\",\"width\":791,\"height\":133,\"caption\":\"Fewotessin\"},\"image\":{\"@id\":\"https:\/\/www.fewotessin.ch\/de\/#\/schema\/logo\/image\/\"}}]}<\/script>\n<!-- \/ Yoast SEO plugin. -->","yoast_head_json":{"title":"\u00dcber uns - Fewotessin","description":"fewotessin \u2013 Ihr Partner im Tessin f\u00fcr Ferienvermietung, Facility Management, Immobilien- und Treuhanddienstleistungen","robots":{"index":"index","follow":"follow","max-snippet":"max-snippet:-1","max-image-preview":"max-image-preview:large","max-video-preview":"max-video-preview:-1"},"canonical":"https:\/\/www.fewotessin.ch\/de\/ueber-uns\/","og_locale":"de_DE","og_type":"article","og_title":"\u00dcber uns - Fewotessin","og_description":"fewotessin \u2013 Ihr Partner im Tessin f\u00fcr Ferienvermietung, Facility Management, Immobilien- und Treuhanddienstleistungen","og_url":"https:\/\/www.fewotessin.ch\/de\/ueber-uns\/","og_site_name":"Fewotessin","article_modified_time":"2025-10-27T16:14:38+00:00","og_image":[{"width":2560,"height":1234,"url":"https:\/\/www.fewotessin.ch\/wp-content\/uploads\/2025\/10\/shutterstock_2428516505-1-scaled.jpg","type":"image\/jpeg"}],"twitter_card":"summary_large_image","twitter_misc":{"Gesch\u00e4tzte Lesezeit":"2\u00a0Minuten"},"schema":{"@context":"https:\/\/schema.org","@graph":[{"@type":"WebPage","@id":"https:\/\/www.fewotessin.ch\/de\/ueber-uns\/","url":"https:\/\/www.fewotessin.ch\/de\/ueber-uns\/","name":"\u00dcber uns - Fewotessin","isPartOf":{"@id":"https:\/\/www.fewotessin.ch\/de\/#website"},"primaryImageOfPage":{"@id":"https:\/\/www.fewotessin.ch\/de\/ueber-uns\/#primaryimage"},"image":{"@id":"https:\/\/www.fewotessin.ch\/de\/ueber-uns\/#primaryimage"},"thumbnailUrl":"https:\/\/www.fewotessin.ch\/wp-content\/uploads\/2025\/10\/shutterstock_2428516505-1-scaled.jpg","datePublished":"2025-09-03T11:54:22+00:00","dateModified":"2025-10-27T16:14:38+00:00","description":"fewotessin \u2013 Ihr Partner im Tessin f\u00fcr Ferienvermietung, Facility Management, Immobilien- und Treuhanddienstleistungen","breadcrumb":{"@id":"https:\/\/www.fewotessin.ch\/de\/ueber-uns\/#breadcrumb"},"inLanguage":"de","potentialAction":[{"@type":"ReadAction","target":["https:\/\/www.fewotessin.ch\/de\/ueber-uns\/"]}]},{"@type":"ImageObject","inLanguage":"de","@id":"https:\/\/www.fewotessin.ch\/de\/ueber-uns\/#primaryimage","url":"https:\/\/www.fewotessin.ch\/wp-content\/uploads\/2025\/10\/shutterstock_2428516505-1-scaled.jpg","contentUrl":"https:\/\/www.fewotessin.ch\/wp-content\/uploads\/2025\/10\/shutterstock_2428516505-1-scaled.jpg","width":2560,"height":1234},{"@type":"BreadcrumbList","@id":"https:\/\/www.fewotessin.ch\/de\/ueber-uns\/#breadcrumb","itemListElement":[{"@type":"ListItem","position":1,"name":"Startseite","item":"https:\/\/www.fewotessin.ch\/de\/"},{"@type":"ListItem","position":2,"name":"\u00dcber uns"}]},{"@type":"WebSite","@id":"https:\/\/www.fewotessin.ch\/de\/#website","url":"https:\/\/www.fewotessin.ch\/de\/","name":"Fewotessin","description":"","publisher":{"@id":"https:\/\/www.fewotessin.ch\/de\/#organization"},"potentialAction":[{"@type":"SearchAction","target":{"@type":"EntryPoint","urlTemplate":"https:\/\/www.fewotessin.ch\/de\/?s={search_term_string}"},"query-input":{"@type":"PropertyValueSpecification","valueRequired":true,"valueName":"search_term_string"}}],"inLanguage":"de"},{"@type":"Organization","@id":"https:\/\/www.fewotessin.ch\/de\/#organization","name":"Fewotessin","url":"https:\/\/www.fewotessin.ch\/de\/","logo":{"@type":"ImageObject","inLanguage":"de","@id":"https:\/\/www.fewotessin.ch\/de\/#\/schema\/logo\/image\/","url":"https:\/\/www.fewotessin.ch\/wp-content\/uploads\/2025\/08\/fewotessin_Logo.png","contentUrl":"https:\/\/www.fewotessin.ch\/wp-content\/uploads\/2025\/08\/fewotessin_Logo.png","width":791,"height":133,"caption":"Fewotessin"},"image":{"@id":"https:\/\/www.fewotessin.ch\/de\/#\/schema\/logo\/image\/"}}]}},"_links":{"self":[{"href":"https:\/\/www.fewotessin.ch\/de\/wp-json\/wp\/v2\/pages\/10572","targetHints":{"allow":["GET"]}}],"collection":[{"href":"https:\/\/www.fewotessin.ch\/de\/wp-json\/wp\/v2\/pages"}],"about":[{"href":"https:\/\/www.fewotessin.ch\/de\/wp-json\/wp\/v2\/types\/page"}],"author":[{"embeddable":true,"href":"https:\/\/www.fewotessin.ch\/de\/wp-json\/wp\/v2\/users\/1"}],"replies":[{"embeddable":true,"href":"https:\/\/www.fewotessin.ch\/de\/wp-json\/wp\/v2\/comments?post=10572"}],"version-history":[{"count":30,"href":"https:\/\/www.fewotessin.ch\/de\/wp-json\/wp\/v2\/pages\/10572\/revisions"}],"predecessor-version":[{"id":12612,"href":"https:\/\/www.fewotessin.ch\/de\/wp-json\/wp\/v2\/pages\/10572\/revisions\/12612"}],"wp:featuredmedia":[{"embeddable":true,"href":"https:\/\/www.fewotessin.ch\/de\/wp-json\/wp\/v2\/media\/12062"}],"wp:attachment":[{"href":"https:\/\/www.fewotessin.ch\/de\/wp-json\/wp\/v2\/media?parent=10572"}],"wp:term":[{"taxonomy":"seitenart","embeddable":true,"href":"https:\/\/www.fewotessin.ch\/de\/wp-json\/wp\/v2\/seitenart?post=10572"}],"curies":[{"name":"wp","href":"https:\/\/api.w.org\/{rel}","templated":true}]}}